{"id":736,"date":"2024-07-17T06:08:12","date_gmt":"2024-07-17T06:08:12","guid":{"rendered":"https:\/\/gsge.engineering\/?page_id=736"},"modified":"2024-08-04T14:35:03","modified_gmt":"2024-08-04T14:35:03","slug":"impressum","status":"publish","type":"page","link":"https:\/\/gsge.engineering\/?page_id=736","title":{"rendered":"Impressum"},"content":{"rendered":"\t\t<div data-elementor-type=\"wp-page\" data-elementor-id=\"736\" class=\"elementor elementor-736\" data-elementor-post-type=\"page\">\n\t\t\t\t<div class=\"elementor-element elementor-element-984175e e-con-full e-flex e-con e-parent\" data-id=\"984175e\" data-element_type=\"container\" data-e-type=\"container\" data-settings=\"{&quot;background_background&quot;:&quot;classic&quot;}\">\n\t\t<div class=\"elementor-element elementor-element-6a9ee8f e-flex e-con-boxed e-con e-child\" data-id=\"6a9ee8f\" data-element_type=\"container\" data-e-type=\"container\">\n\t\t\t\t\t<div class=\"e-con-inner\">\n\t\t\t\t<div class=\"elementor-element elementor-element-fa55bca animated-slow elementor-invisible elementor-widget elementor-widget-heading\" data-id=\"fa55bca\" data-element_type=\"widget\" data-e-type=\"widget\" data-settings=\"{&quot;_animation&quot;:&quot;fadeInLeft&quot;}\" data-widget_type=\"heading.default\">\n\t\t\t\t<div class=\"elementor-widget-container\">\n\t\t\t\t\t<h2 class=\"elementor-heading-title elementor-size-default\">Impressum<\/h2>\t\t\t\t<\/div>\n\t\t\t\t<\/div>\n\t\t\t\t<div class=\"elementor-element elementor-element-0bb70dc animated-slow elementor-widget-divider--view-line elementor-invisible elementor-widget elementor-widget-divider\" data-id=\"0bb70dc\" data-element_type=\"widget\" data-e-type=\"widget\" data-settings=\"{&quot;_animation&quot;:&quot;fadeInLeft&quot;}\" data-widget_type=\"divider.default\">\n\t\t\t\t<div class=\"elementor-widget-container\">\n\t\t\t\t\t\t\t<div class=\"elementor-divider\">\n\t\t\t<span class=\"elementor-divider-separator\">\n\t\t\t\t\t\t<\/span>\n\t\t<\/div>\n\t\t\t\t\t\t<\/div>\n\t\t\t\t<\/div>\n\t\t\t\t\t<\/div>\n\t\t\t\t<\/div>\n\t\t\t\t<\/div>\n\t\t\t\t<section class=\"elementor-section elementor-top-section elementor-element elementor-element-81782b0 elementor-section-height-min-height elementor-section-boxed elementor-section-height-default elementor-section-items-middle\" data-id=\"81782b0\" data-element_type=\"section\" data-e-type=\"section\">\n\t\t\t\t\t\t<div class=\"elementor-container elementor-column-gap-default\">\n\t\t\t\t\t<div class=\"elementor-column elementor-col-100 elementor-top-column elementor-element elementor-element-74aa705\" data-id=\"74aa705\" data-element_type=\"column\" data-e-type=\"column\">\n\t\t\t<div class=\"elementor-widget-wrap elementor-element-populated\">\n\t\t\t\t\t\t<div class=\"elementor-element elementor-element-d10e48c elementor-widget elementor-widget-text-editor\" data-id=\"d10e48c\" data-element_type=\"widget\" data-e-type=\"widget\" data-widget_type=\"text-editor.default\">\n\t\t\t\t<div class=\"elementor-widget-container\">\n\t\t\t\t\t\t\t\t\t<div data-id=\"57ca4e4\" data-element_type=\"widget\" data-widget_type=\"text-editor.default\"><div><div><p>GSGE GmbH<br \/>Gewerbestra\u00dfe 15 <br \/>83355 Grabenst\u00e4tt<\/p><p>Tel.: +49 8661 983 486 8<br \/>E-Mail: info@gsge.engineering<\/p><p>Gesch\u00e4ftsf\u00fchrer: Fr\u00e9d\u00e9ric Gelloz<br \/>Umsatzsteuer-ID: DE349981151<\/p><p><span style=\"font-size: 11.0pt; line-height: 107%; font-family: 'Tahoma',sans-serif; mso-fareast-font-family: 'Times New Roman'; mso-ansi-language: DE; mso-fareast-language: EN-US; mso-bidi-language: AR-SA;\">Amtsgericht Traunstein<\/span><\/p><p>HRB-Nummer: HRB 30618<\/p><p>Inhaltlich Verantwortlicher: Fr\u00e9d\u00e9ric Gelloz<\/p><p><strong>Webdesign &amp; Hosting<\/strong><br \/>Full-Service-Werbeagentur<br \/>PRODESIGN GmbH<br \/>Laufener Stra\u00dfe 5<br \/>83395 Freilassing<\/p><p>Kontakt<br \/>Telefon: +49 8654 77860<br \/>E-Mail: office@prodesign.cc<br \/>Website: <a title=\"Werbeagentur aus Freilassing\" href=\"https:\/\/prodesign.cc\" target=\"_blank\" rel=\"noopener\">prodesign.cc<\/a><\/p><p>Gesch\u00e4ftsf\u00fchrer: Alexander Peer<\/p><p>Haftungshinweis: Trotz sorgf\u00e4ltiger inhaltlicher Kontrolle \u00fcbernehmen wir keine Haftung f\u00fcr die Inhalte externer Links. F\u00fcr den Inhalt der verlinkten Seiten sind ausschlie\u00dflich deren Betreiber verantwortlich.<\/p><\/div><\/div><\/div>\t\t\t\t\t\t\t\t<\/div>\n\t\t\t\t<\/div>\n\t\t\t\t\t<\/div>\n\t\t<\/div>\n\t\t\t\t\t<\/div>\n\t\t<\/section>\n\t\t\t\t<\/div>\n\t\t","protected":false},"excerpt":{"rendered":"<p>Impressum GSGE GmbHGewerbestra\u00dfe 15 83355 Grabenst\u00e4tt Tel.: +49 8661 983 486 8E-Mail: info@gsge.engineering Gesch\u00e4ftsf\u00fchrer: Fr\u00e9d\u00e9ric GellozUmsatzsteuer-ID: DE349981151 Amtsgericht Traunstein HRB-Nummer: HRB 30618 Inhaltlich Verantwortlicher: Fr\u00e9d\u00e9ric Gelloz Webdesign &amp; HostingFull-Service-WerbeagenturPRODESIGN GmbHLaufener Stra\u00dfe 583395 Freilassing KontaktTelefon: +49 8654 77860E-Mail: office@prodesign.ccWebsite: prodesign.cc Gesch\u00e4ftsf\u00fchrer: Alexander Peer Haftungshinweis: Trotz sorgf\u00e4ltiger inhaltlicher Kontrolle \u00fcbernehmen wir keine Haftung f\u00fcr die Inhalte externer [&hellip;]<\/p>\n","protected":false},"author":1,"featured_media":0,"parent":0,"menu_order":0,"comment_status":"closed","ping_status":"closed","template":"","meta":{"footnotes":""},"class_list":["post-736","page","type-page","status-publish","hentry"],"yoast_head":"<!-- This site is optimized with the Yoast SEO plugin v27.4 - https:\/\/yoast.com\/product\/yoast-seo-wordpress\/ -->\n<title>Impressum - GSGE<\/title>\n<meta name=\"robots\" content=\"index, follow, max-snippet:-1, max-image-preview:large, max-video-preview:-1\" \/>\n<link rel=\"canonical\" href=\"https:\/\/gsge.engineering\/?page_id=736\" \/>\n<meta property=\"og:locale\" content=\"de_DE\" \/>\n<meta property=\"og:type\" content=\"article\" \/>\n<meta property=\"og:title\" content=\"Impressum - GSGE\" \/>\n<meta property=\"og:description\" content=\"Impressum GSGE GmbHGewerbestra\u00dfe 15 83355 Grabenst\u00e4tt Tel.: +49 8661 983 486 8E-Mail: info@gsge.engineering Gesch\u00e4ftsf\u00fchrer: Fr\u00e9d\u00e9ric GellozUmsatzsteuer-ID: DE349981151 Amtsgericht Traunstein HRB-Nummer: HRB 30618 Inhaltlich Verantwortlicher: Fr\u00e9d\u00e9ric Gelloz Webdesign &amp; HostingFull-Service-WerbeagenturPRODESIGN GmbHLaufener Stra\u00dfe 583395 Freilassing KontaktTelefon: +49 8654 77860E-Mail: office@prodesign.ccWebsite: prodesign.cc Gesch\u00e4ftsf\u00fchrer: Alexander Peer Haftungshinweis: Trotz sorgf\u00e4ltiger inhaltlicher Kontrolle \u00fcbernehmen wir keine Haftung f\u00fcr die Inhalte externer [&hellip;]\" \/>\n<meta property=\"og:url\" content=\"https:\/\/gsge.engineering\/?page_id=736\" \/>\n<meta property=\"og:site_name\" content=\"GSGE\" \/>\n<meta property=\"article:modified_time\" content=\"2024-08-04T14:35:03+00:00\" \/>\n<meta name=\"twitter:card\" content=\"summary_large_image\" \/>\n<script type=\"application\/ld+json\" class=\"yoast-schema-graph\">{\"@context\":\"https:\\\/\\\/schema.org\",\"@graph\":[{\"@type\":\"WebPage\",\"@id\":\"https:\\\/\\\/gsge.engineering\\\/?page_id=736\",\"url\":\"https:\\\/\\\/gsge.engineering\\\/?page_id=736\",\"name\":\"Impressum - GSGE\",\"isPartOf\":{\"@id\":\"https:\\\/\\\/gsge.engineering\\\/#website\"},\"datePublished\":\"2024-07-17T06:08:12+00:00\",\"dateModified\":\"2024-08-04T14:35:03+00:00\",\"breadcrumb\":{\"@id\":\"https:\\\/\\\/gsge.engineering\\\/?page_id=736#breadcrumb\"},\"inLanguage\":\"de\",\"potentialAction\":[{\"@type\":\"ReadAction\",\"target\":[\"https:\\\/\\\/gsge.engineering\\\/?page_id=736\"]}]},{\"@type\":\"BreadcrumbList\",\"@id\":\"https:\\\/\\\/gsge.engineering\\\/?page_id=736#breadcrumb\",\"itemListElement\":[{\"@type\":\"ListItem\",\"position\":1,\"name\":\"Startseite\",\"item\":\"https:\\\/\\\/gsge.engineering\\\/\"},{\"@type\":\"ListItem\",\"position\":2,\"name\":\"Impressum\"}]},{\"@type\":\"WebSite\",\"@id\":\"https:\\\/\\\/gsge.engineering\\\/#website\",\"url\":\"https:\\\/\\\/gsge.engineering\\\/\",\"name\":\"GSGE\",\"description\":\"smart ground engineering\",\"publisher\":{\"@id\":\"https:\\\/\\\/gsge.engineering\\\/#organization\"},\"potentialAction\":[{\"@type\":\"SearchAction\",\"target\":{\"@type\":\"EntryPoint\",\"urlTemplate\":\"https:\\\/\\\/gsge.engineering\\\/?s={search_term_string}\"},\"query-input\":{\"@type\":\"PropertyValueSpecification\",\"valueRequired\":true,\"valueName\":\"search_term_string\"}}],\"inLanguage\":\"de\"},{\"@type\":\"Organization\",\"@id\":\"https:\\\/\\\/gsge.engineering\\\/#organization\",\"name\":\"GSGE\",\"url\":\"https:\\\/\\\/gsge.engineering\\\/\",\"logo\":{\"@type\":\"ImageObject\",\"inLanguage\":\"de\",\"@id\":\"https:\\\/\\\/gsge.engineering\\\/#\\\/schema\\\/logo\\\/image\\\/\",\"url\":\"https:\\\/\\\/gsge.engineering\\\/wp-content\\\/uploads\\\/2024\\\/07\\\/Logo_final.png\",\"contentUrl\":\"https:\\\/\\\/gsge.engineering\\\/wp-content\\\/uploads\\\/2024\\\/07\\\/Logo_final.png\",\"width\":3100,\"height\":905,\"caption\":\"GSGE\"},\"image\":{\"@id\":\"https:\\\/\\\/gsge.engineering\\\/#\\\/schema\\\/logo\\\/image\\\/\"},\"sameAs\":[\"https:\\\/\\\/www.instagram.com\\\/gsge_gmbh\\\/\"]}]}<\/script>\n<!-- \/ Yoast SEO plugin. -->","yoast_head_json":{"title":"Impressum - GSGE","robots":{"index":"index","follow":"follow","max-snippet":"max-snippet:-1","max-image-preview":"max-image-preview:large","max-video-preview":"max-video-preview:-1"},"canonical":"https:\/\/gsge.engineering\/?page_id=736","og_locale":"de_DE","og_type":"article","og_title":"Impressum - GSGE","og_description":"Impressum GSGE GmbHGewerbestra\u00dfe 15 83355 Grabenst\u00e4tt Tel.: +49 8661 983 486 8E-Mail: info@gsge.engineering Gesch\u00e4ftsf\u00fchrer: Fr\u00e9d\u00e9ric GellozUmsatzsteuer-ID: DE349981151 Amtsgericht Traunstein HRB-Nummer: HRB 30618 Inhaltlich Verantwortlicher: Fr\u00e9d\u00e9ric Gelloz Webdesign &amp; HostingFull-Service-WerbeagenturPRODESIGN GmbHLaufener Stra\u00dfe 583395 Freilassing KontaktTelefon: +49 8654 77860E-Mail: office@prodesign.ccWebsite: prodesign.cc Gesch\u00e4ftsf\u00fchrer: Alexander Peer Haftungshinweis: Trotz sorgf\u00e4ltiger inhaltlicher Kontrolle \u00fcbernehmen wir keine Haftung f\u00fcr die Inhalte externer [&hellip;]","og_url":"https:\/\/gsge.engineering\/?page_id=736","og_site_name":"GSGE","article_modified_time":"2024-08-04T14:35:03+00:00","twitter_card":"summary_large_image","schema":{"@context":"https:\/\/schema.org","@graph":[{"@type":"WebPage","@id":"https:\/\/gsge.engineering\/?page_id=736","url":"https:\/\/gsge.engineering\/?page_id=736","name":"Impressum - GSGE","isPartOf":{"@id":"https:\/\/gsge.engineering\/#website"},"datePublished":"2024-07-17T06:08:12+00:00","dateModified":"2024-08-04T14:35:03+00:00","breadcrumb":{"@id":"https:\/\/gsge.engineering\/?page_id=736#breadcrumb"},"inLanguage":"de","potentialAction":[{"@type":"ReadAction","target":["https:\/\/gsge.engineering\/?page_id=736"]}]},{"@type":"BreadcrumbList","@id":"https:\/\/gsge.engineering\/?page_id=736#breadcrumb","itemListElement":[{"@type":"ListItem","position":1,"name":"Startseite","item":"https:\/\/gsge.engineering\/"},{"@type":"ListItem","position":2,"name":"Impressum"}]},{"@type":"WebSite","@id":"https:\/\/gsge.engineering\/#website","url":"https:\/\/gsge.engineering\/","name":"GSGE","description":"smart ground engineering","publisher":{"@id":"https:\/\/gsge.engineering\/#organization"},"potentialAction":[{"@type":"SearchAction","target":{"@type":"EntryPoint","urlTemplate":"https:\/\/gsge.engineering\/?s={search_term_string}"},"query-input":{"@type":"PropertyValueSpecification","valueRequired":true,"valueName":"search_term_string"}}],"inLanguage":"de"},{"@type":"Organization","@id":"https:\/\/gsge.engineering\/#organization","name":"GSGE","url":"https:\/\/gsge.engineering\/","logo":{"@type":"ImageObject","inLanguage":"de","@id":"https:\/\/gsge.engineering\/#\/schema\/logo\/image\/","url":"https:\/\/gsge.engineering\/wp-content\/uploads\/2024\/07\/Logo_final.png","contentUrl":"https:\/\/gsge.engineering\/wp-content\/uploads\/2024\/07\/Logo_final.png","width":3100,"height":905,"caption":"GSGE"},"image":{"@id":"https:\/\/gsge.engineering\/#\/schema\/logo\/image\/"},"sameAs":["https:\/\/www.instagram.com\/gsge_gmbh\/"]}]}},"_links":{"self":[{"href":"https:\/\/gsge.engineering\/index.php?rest_route=\/wp\/v2\/pages\/736","targetHints":{"allow":["GET"]}}],"collection":[{"href":"https:\/\/gsge.engineering\/index.php?rest_route=\/wp\/v2\/pages"}],"about":[{"href":"https:\/\/gsge.engineering\/index.php?rest_route=\/wp\/v2\/types\/page"}],"author":[{"embeddable":true,"href":"https:\/\/gsge.engineering\/index.php?rest_route=\/wp\/v2\/users\/1"}],"replies":[{"embeddable":true,"href":"https:\/\/gsge.engineering\/index.php?rest_route=%2Fwp%2Fv2%2Fcomments&post=736"}],"version-history":[{"count":13,"href":"https:\/\/gsge.engineering\/index.php?rest_route=\/wp\/v2\/pages\/736\/revisions"}],"predecessor-version":[{"id":1362,"href":"https:\/\/gsge.engineering\/index.php?rest_route=\/wp\/v2\/pages\/736\/revisions\/1362"}],"wp:attachment":[{"href":"https:\/\/gsge.engineering\/index.php?rest_route=%2Fwp%2Fv2%2Fmedia&parent=736"}],"curies":[{"name":"wp","href":"https:\/\/api.w.org\/{rel}","templated":true}]}}