{"id":314,"date":"2024-07-04T08:07:28","date_gmt":"2024-07-04T08:07:28","guid":{"rendered":"https:\/\/gsge.engineering\/?page_id=314"},"modified":"2024-10-30T10:48:07","modified_gmt":"2024-10-30T10:48:07","slug":"unternehmen","status":"publish","type":"page","link":"https:\/\/gsge.engineering\/?page_id=314","title":{"rendered":"Unternehmen"},"content":{"rendered":"\t\t<div data-elementor-type=\"wp-page\" data-elementor-id=\"314\" class=\"elementor elementor-314\" data-elementor-post-type=\"page\">\n\t\t\t\t<div class=\"elementor-element elementor-element-221428b e-flex e-con-boxed e-con e-parent\" data-id=\"221428b\" data-element_type=\"container\" data-e-type=\"container\">\n\t\t\t\t\t<div class=\"e-con-inner\">\n\t\t<div class=\"elementor-element elementor-element-9366806 e-con-full e-flex e-con e-child\" data-id=\"9366806\" data-element_type=\"container\" data-e-type=\"container\">\n\t\t\t\t<div class=\"elementor-element elementor-element-ff988f1 elementor-hidden-desktop elementor-hidden-tablet elementor-widget elementor-widget-image\" data-id=\"ff988f1\" data-element_type=\"widget\" data-e-type=\"widget\" data-widget_type=\"image.default\">\n\t\t\t\t<div class=\"elementor-widget-container\">\n\t\t\t\t\t\t\t\t\t\t\t\t\t\t\t<img fetchpriority=\"high\" decoding=\"async\" width=\"800\" height=\"840\" src=\"https:\/\/gsge.engineering\/wp-content\/uploads\/2024\/07\/GSGE-Icons-2024.2.png\" class=\"attachment-large size-large wp-image-865\" alt=\"\" srcset=\"https:\/\/gsge.engineering\/wp-content\/uploads\/2024\/07\/GSGE-Icons-2024.2.png 836w, https:\/\/gsge.engineering\/wp-content\/uploads\/2024\/07\/GSGE-Icons-2024.2-286x300.png 286w, https:\/\/gsge.engineering\/wp-content\/uploads\/2024\/07\/GSGE-Icons-2024.2-768x807.png 768w\" sizes=\"(max-width: 800px) 100vw, 800px\" \/>\t\t\t\t\t\t\t\t\t\t\t\t\t\t\t<\/div>\n\t\t\t\t<\/div>\n\t\t\t\t<div class=\"elementor-element elementor-element-4fa7ce8 elementor-widget elementor-widget-heading\" data-id=\"4fa7ce8\" data-element_type=\"widget\" data-e-type=\"widget\" data-widget_type=\"heading.default\">\n\t\t\t\t<div class=\"elementor-widget-container\">\n\t\t\t\t\t<h2 class=\"elementor-heading-title elementor-size-default\">Firmenportrait<\/h2>\t\t\t\t<\/div>\n\t\t\t\t<\/div>\n\t\t\t\t<div class=\"elementor-element elementor-element-ec9204f elementor-widget elementor-widget-text-editor\" data-id=\"ec9204f\" data-element_type=\"widget\" data-e-type=\"widget\" data-widget_type=\"text-editor.default\">\n\t\t\t\t<div class=\"elementor-widget-container\">\n\t\t\t\t\t\t\t\t\t<p>Die GSGE GmbH ist ein spezialisiertes Unternehmen welches Planungsdienstleistungen im Fachbereich Spezialtiefbau erbringt. <br \/>Unser Handeln zeichnet sich durch Kompetenz, Verantwortungsgef\u00fchl und Kundenn\u00e4he aus. Wobei pers\u00f6nlicher und zuverl\u00e4ssiger Service im Mittelpunkt steht.<br \/>Unser kontinuierliches Streben nach Innovation und die Anwendung modernster Technologien erm\u00f6glicht es uns, unseren Kunden erstklassige Beratung und Planungsdienstleistungen anzubieten.<\/p>\t\t\t\t\t\t\t\t<\/div>\n\t\t\t\t<\/div>\n\t\t\t\t<\/div>\n\t\t<div class=\"elementor-element elementor-element-59bec5b elementor-hidden-mobile e-con-full e-flex e-con e-child\" data-id=\"59bec5b\" data-element_type=\"container\" data-e-type=\"container\" data-settings=\"{&quot;background_background&quot;:&quot;classic&quot;}\">\n\t\t\t\t<div class=\"elementor-element elementor-element-f4b1a00 elementor-widget elementor-widget-image\" data-id=\"f4b1a00\" data-element_type=\"widget\" data-e-type=\"widget\" data-widget_type=\"image.default\">\n\t\t\t\t<div class=\"elementor-widget-container\">\n\t\t\t\t\t\t\t\t\t\t\t\t\t\t\t<img fetchpriority=\"high\" decoding=\"async\" width=\"800\" height=\"840\" src=\"https:\/\/gsge.engineering\/wp-content\/uploads\/2024\/07\/GSGE-Icons-2024.2.png\" class=\"attachment-large size-large wp-image-865\" alt=\"\" srcset=\"https:\/\/gsge.engineering\/wp-content\/uploads\/2024\/07\/GSGE-Icons-2024.2.png 836w, https:\/\/gsge.engineering\/wp-content\/uploads\/2024\/07\/GSGE-Icons-2024.2-286x300.png 286w, https:\/\/gsge.engineering\/wp-content\/uploads\/2024\/07\/GSGE-Icons-2024.2-768x807.png 768w\" sizes=\"(max-width: 800px) 100vw, 800px\" \/>\t\t\t\t\t\t\t\t\t\t\t\t\t\t\t<\/div>\n\t\t\t\t<\/div>\n\t\t\t\t<\/div>\n\t\t\t\t\t<\/div>\n\t\t\t\t<\/div>\n\t\t<div class=\"elementor-element elementor-element-c993ed5 e-flex e-con-boxed e-con e-parent\" data-id=\"c993ed5\" data-element_type=\"container\" data-e-type=\"container\">\n\t\t\t\t\t<div class=\"e-con-inner\">\n\t\t<div class=\"elementor-element elementor-element-ef84a89 e-con-full e-flex e-con e-child\" data-id=\"ef84a89\" data-element_type=\"container\" data-e-type=\"container\">\n\t\t\t\t<div class=\"elementor-element elementor-element-c501345 elementor-hidden-desktop elementor-hidden-tablet elementor-widget elementor-widget-image\" data-id=\"c501345\" data-element_type=\"widget\" data-e-type=\"widget\" data-widget_type=\"image.default\">\n\t\t\t\t<div class=\"elementor-widget-container\">\n\t\t\t\t\t\t\t\t\t\t\t\t\t\t\t<img decoding=\"async\" width=\"800\" height=\"840\" src=\"https:\/\/gsge.engineering\/wp-content\/uploads\/2024\/07\/GSGE-Icons-2024.1.png\" class=\"attachment-large size-large wp-image-864\" alt=\"\" srcset=\"https:\/\/gsge.engineering\/wp-content\/uploads\/2024\/07\/GSGE-Icons-2024.1.png 836w, https:\/\/gsge.engineering\/wp-content\/uploads\/2024\/07\/GSGE-Icons-2024.1-286x300.png 286w, https:\/\/gsge.engineering\/wp-content\/uploads\/2024\/07\/GSGE-Icons-2024.1-768x807.png 768w\" sizes=\"(max-width: 800px) 100vw, 800px\" \/>\t\t\t\t\t\t\t\t\t\t\t\t\t\t\t<\/div>\n\t\t\t\t<\/div>\n\t\t\t\t<div class=\"elementor-element elementor-element-8055818 elementor-widget elementor-widget-heading\" data-id=\"8055818\" data-element_type=\"widget\" data-e-type=\"widget\" data-widget_type=\"heading.default\">\n\t\t\t\t<div class=\"elementor-widget-container\">\n\t\t\t\t\t<h2 class=\"elementor-heading-title elementor-size-default\">Leistungsprofil<\/h2>\t\t\t\t<\/div>\n\t\t\t\t<\/div>\n\t\t\t\t<div class=\"elementor-element elementor-element-44b3558 elementor-widget elementor-widget-text-editor\" data-id=\"44b3558\" data-element_type=\"widget\" data-e-type=\"widget\" data-widget_type=\"text-editor.default\">\n\t\t\t\t<div class=\"elementor-widget-container\">\n\t\t\t\t\t\t\t\t\t<p>Wir Planen, Beraten und Entwicklen f\u00fcr unsere Kunden im Kompetenzbereich des Spezialtiefbaus.<br \/>Durch kreative technische L\u00f6sungsans\u00e4tze, bestm\u00f6gliche Kundenbetreuung und <br \/>Innovation erbringen wir fach\u00fcbergreifend qualitativ hochwertige Dienstleistungen. <br \/>Wir begleiten unsere Kunden von der Vor- und Entwurfsplanung bis zur Ausf\u00fchrungsplanung. Unser Leistunsportfolio beinhaltet auch Machbarkeitsstudien oder Produktentwicklungen.<\/p>\t\t\t\t\t\t\t\t<\/div>\n\t\t\t\t<\/div>\n\t\t\t\t<\/div>\n\t\t<div class=\"elementor-element elementor-element-8667f5b elementor-hidden-mobile e-con-full e-flex e-con e-child\" data-id=\"8667f5b\" data-element_type=\"container\" data-e-type=\"container\" data-settings=\"{&quot;background_background&quot;:&quot;classic&quot;}\">\n\t\t\t\t<div class=\"elementor-element elementor-element-89b7aa0 elementor-widget elementor-widget-image\" data-id=\"89b7aa0\" data-element_type=\"widget\" data-e-type=\"widget\" data-widget_type=\"image.default\">\n\t\t\t\t<div class=\"elementor-widget-container\">\n\t\t\t\t\t\t\t\t\t\t\t\t\t\t\t<img decoding=\"async\" width=\"800\" height=\"840\" src=\"https:\/\/gsge.engineering\/wp-content\/uploads\/2024\/07\/GSGE-Icons-2024.1.png\" class=\"attachment-large size-large wp-image-864\" alt=\"\" srcset=\"https:\/\/gsge.engineering\/wp-content\/uploads\/2024\/07\/GSGE-Icons-2024.1.png 836w, https:\/\/gsge.engineering\/wp-content\/uploads\/2024\/07\/GSGE-Icons-2024.1-286x300.png 286w, https:\/\/gsge.engineering\/wp-content\/uploads\/2024\/07\/GSGE-Icons-2024.1-768x807.png 768w\" sizes=\"(max-width: 800px) 100vw, 800px\" \/>\t\t\t\t\t\t\t\t\t\t\t\t\t\t\t<\/div>\n\t\t\t\t<\/div>\n\t\t\t\t<\/div>\n\t\t\t\t\t<\/div>\n\t\t\t\t<\/div>\n\t\t<div class=\"elementor-element elementor-element-3ad156e e-flex e-con-boxed e-con e-parent\" data-id=\"3ad156e\" data-element_type=\"container\" data-e-type=\"container\">\n\t\t\t\t\t<div class=\"e-con-inner\">\n\t\t<div class=\"elementor-element elementor-element-02419f2 e-con-full e-flex e-con e-child\" data-id=\"02419f2\" data-element_type=\"container\" data-e-type=\"container\">\n\t\t\t\t<div class=\"elementor-element elementor-element-6b6eb9f elementor-hidden-desktop elementor-hidden-tablet elementor-widget elementor-widget-image\" data-id=\"6b6eb9f\" data-element_type=\"widget\" data-e-type=\"widget\" data-widget_type=\"image.default\">\n\t\t\t\t<div class=\"elementor-widget-container\">\n\t\t\t\t\t\t\t\t\t\t\t\t\t\t\t<img decoding=\"async\" width=\"800\" height=\"840\" src=\"https:\/\/gsge.engineering\/wp-content\/uploads\/2024\/07\/GSGE-Icons-2024.png\" class=\"attachment-large size-large wp-image-866\" alt=\"\" srcset=\"https:\/\/gsge.engineering\/wp-content\/uploads\/2024\/07\/GSGE-Icons-2024.png 836w, https:\/\/gsge.engineering\/wp-content\/uploads\/2024\/07\/GSGE-Icons-2024-286x300.png 286w, https:\/\/gsge.engineering\/wp-content\/uploads\/2024\/07\/GSGE-Icons-2024-768x807.png 768w\" sizes=\"(max-width: 800px) 100vw, 800px\" \/>\t\t\t\t\t\t\t\t\t\t\t\t\t\t\t<\/div>\n\t\t\t\t<\/div>\n\t\t\t\t<div class=\"elementor-element elementor-element-39ed290 elementor-widget elementor-widget-heading\" data-id=\"39ed290\" data-element_type=\"widget\" data-e-type=\"widget\" data-widget_type=\"heading.default\">\n\t\t\t\t<div class=\"elementor-widget-container\">\n\t\t\t\t\t<h2 class=\"elementor-heading-title elementor-size-default\">Qualit\u00e4t im Mittelpunkt<\/h2>\t\t\t\t<\/div>\n\t\t\t\t<\/div>\n\t\t\t\t<div class=\"elementor-element elementor-element-a649817 elementor-widget elementor-widget-text-editor\" data-id=\"a649817\" data-element_type=\"widget\" data-e-type=\"widget\" data-widget_type=\"text-editor.default\">\n\t\t\t\t<div class=\"elementor-widget-container\">\n\t\t\t\t\t\t\t\t\t<p>Bei uns steht Qualit\u00e4t im Mittelpunkt unsere Arbeit. Dieses Bewusstsein wird aktiv und transparent gelebt und ist somit ein fester Bestandteil unserer Unternehmensphilosophie.<br \/>Durch unser kontinuierliches Streben nach Innovation und die Anwendung modernster Technologien, versuchen wir den steigenden Anforderungen unserer Kunden mit gr\u00f6\u00dftm\u00f6glicher Verantwortung zu entsprechen.<\/p>\t\t\t\t\t\t\t\t<\/div>\n\t\t\t\t<\/div>\n\t\t\t\t<\/div>\n\t\t<div class=\"elementor-element elementor-element-e781c8a elementor-hidden-mobile e-con-full e-flex e-con e-child\" data-id=\"e781c8a\" data-element_type=\"container\" data-e-type=\"container\" data-settings=\"{&quot;background_background&quot;:&quot;classic&quot;}\">\n\t\t\t\t<div class=\"elementor-element elementor-element-ff49525 elementor-widget elementor-widget-image\" data-id=\"ff49525\" data-element_type=\"widget\" data-e-type=\"widget\" data-widget_type=\"image.default\">\n\t\t\t\t<div class=\"elementor-widget-container\">\n\t\t\t\t\t\t\t\t\t\t\t\t\t\t\t<img decoding=\"async\" width=\"800\" height=\"840\" src=\"https:\/\/gsge.engineering\/wp-content\/uploads\/2024\/07\/GSGE-Icons-2024.png\" class=\"attachment-large size-large wp-image-866\" alt=\"\" srcset=\"https:\/\/gsge.engineering\/wp-content\/uploads\/2024\/07\/GSGE-Icons-2024.png 836w, https:\/\/gsge.engineering\/wp-content\/uploads\/2024\/07\/GSGE-Icons-2024-286x300.png 286w, https:\/\/gsge.engineering\/wp-content\/uploads\/2024\/07\/GSGE-Icons-2024-768x807.png 768w\" sizes=\"(max-width: 800px) 100vw, 800px\" \/>\t\t\t\t\t\t\t\t\t\t\t\t\t\t\t<\/div>\n\t\t\t\t<\/div>\n\t\t\t\t<\/div>\n\t\t\t\t\t<\/div>\n\t\t\t\t<\/div>\n\t\t\t\t<\/div>\n\t\t","protected":false},"excerpt":{"rendered":"<p>Firmenportrait Die GSGE GmbH ist ein spezialisiertes Unternehmen welches Planungsdienstleistungen im Fachbereich Spezialtiefbau erbringt. Unser Handeln zeichnet sich durch Kompetenz, Verantwortungsgef\u00fchl und Kundenn\u00e4he aus. Wobei pers\u00f6nlicher und zuverl\u00e4ssiger Service im Mittelpunkt steht.Unser kontinuierliches Streben nach Innovation und die Anwendung modernster Technologien erm\u00f6glicht es uns, unseren Kunden erstklassige Beratung und Planungsdienstleistungen anzubieten. Leistungsprofil Wir Planen, Beraten [&hellip;]<\/p>\n","protected":false},"author":1,"featured_media":0,"parent":0,"menu_order":0,"comment_status":"closed","ping_status":"closed","template":"","meta":{"footnotes":""},"class_list":["post-314","page","type-page","status-publish","hentry"],"yoast_head":"<!-- This site is optimized with the Yoast SEO plugin v27.1.1 - https:\/\/yoast.com\/product\/yoast-seo-wordpress\/ -->\n<title>Unternehmen - GSGE<\/title>\n<meta name=\"description\" content=\"Die GSGE GmbH ist ein spezialisiertes Unternehmen, welche Planungsdienstleistungen im Fachbereich Spezialtiefbau erbringt.\" \/>\n<meta name=\"robots\" content=\"index, follow, max-snippet:-1, max-image-preview:large, max-video-preview:-1\" \/>\n<link rel=\"canonical\" href=\"https:\/\/gsge.engineering\/?page_id=314\" \/>\n<meta property=\"og:locale\" content=\"de_DE\" \/>\n<meta property=\"og:type\" content=\"article\" \/>\n<meta property=\"og:title\" content=\"Unternehmen - GSGE\" \/>\n<meta property=\"og:description\" content=\"Die GSGE GmbH ist ein spezialisiertes Unternehmen, welche Planungsdienstleistungen im Fachbereich Spezialtiefbau erbringt.\" \/>\n<meta property=\"og:url\" content=\"https:\/\/gsge.engineering\/?page_id=314\" \/>\n<meta property=\"og:site_name\" content=\"GSGE\" \/>\n<meta property=\"article:modified_time\" content=\"2024-10-30T10:48:07+00:00\" \/>\n<meta property=\"og:image\" content=\"https:\/\/gsge.engineering\/wp-content\/uploads\/2024\/07\/GSGE-Icons-2024.2.png\" \/>\n<meta name=\"twitter:card\" content=\"summary_large_image\" \/>\n<meta name=\"twitter:label1\" content=\"Gesch\u00e4tzte Lesezeit\" \/>\n\t<meta name=\"twitter:data1\" content=\"3\u00a0Minuten\" \/>\n<script type=\"application\/ld+json\" class=\"yoast-schema-graph\">{\"@context\":\"https:\/\/schema.org\",\"@graph\":[{\"@type\":\"WebPage\",\"@id\":\"https:\/\/gsge.engineering\/?page_id=314\",\"url\":\"https:\/\/gsge.engineering\/?page_id=314\",\"name\":\"Unternehmen - GSGE\",\"isPartOf\":{\"@id\":\"https:\/\/gsge.engineering\/#website\"},\"primaryImageOfPage\":{\"@id\":\"https:\/\/gsge.engineering\/?page_id=314#primaryimage\"},\"image\":{\"@id\":\"https:\/\/gsge.engineering\/?page_id=314#primaryimage\"},\"thumbnailUrl\":\"https:\/\/gsge.engineering\/wp-content\/uploads\/2024\/07\/GSGE-Icons-2024.2.png\",\"datePublished\":\"2024-07-04T08:07:28+00:00\",\"dateModified\":\"2024-10-30T10:48:07+00:00\",\"description\":\"Die GSGE GmbH ist ein spezialisiertes Unternehmen, welche Planungsdienstleistungen im Fachbereich Spezialtiefbau erbringt.\",\"breadcrumb\":{\"@id\":\"https:\/\/gsge.engineering\/?page_id=314#breadcrumb\"},\"inLanguage\":\"de\",\"potentialAction\":[{\"@type\":\"ReadAction\",\"target\":[\"https:\/\/gsge.engineering\/?page_id=314\"]}]},{\"@type\":\"ImageObject\",\"inLanguage\":\"de\",\"@id\":\"https:\/\/gsge.engineering\/?page_id=314#primaryimage\",\"url\":\"https:\/\/gsge.engineering\/wp-content\/uploads\/2024\/07\/GSGE-Icons-2024.2.png\",\"contentUrl\":\"https:\/\/gsge.engineering\/wp-content\/uploads\/2024\/07\/GSGE-Icons-2024.2.png\",\"width\":836,\"height\":878},{\"@type\":\"BreadcrumbList\",\"@id\":\"https:\/\/gsge.engineering\/?page_id=314#breadcrumb\",\"itemListElement\":[{\"@type\":\"ListItem\",\"position\":1,\"name\":\"Startseite\",\"item\":\"https:\/\/gsge.engineering\/\"},{\"@type\":\"ListItem\",\"position\":2,\"name\":\"Unternehmen\"}]},{\"@type\":\"WebSite\",\"@id\":\"https:\/\/gsge.engineering\/#website\",\"url\":\"https:\/\/gsge.engineering\/\",\"name\":\"GSGE\",\"description\":\"smart ground engineering\",\"publisher\":{\"@id\":\"https:\/\/gsge.engineering\/#organization\"},\"potentialAction\":[{\"@type\":\"SearchAction\",\"target\":{\"@type\":\"EntryPoint\",\"urlTemplate\":\"https:\/\/gsge.engineering\/?s={search_term_string}\"},\"query-input\":{\"@type\":\"PropertyValueSpecification\",\"valueRequired\":true,\"valueName\":\"search_term_string\"}}],\"inLanguage\":\"de\"},{\"@type\":\"Organization\",\"@id\":\"https:\/\/gsge.engineering\/#organization\",\"name\":\"GSGE\",\"url\":\"https:\/\/gsge.engineering\/\",\"logo\":{\"@type\":\"ImageObject\",\"inLanguage\":\"de\",\"@id\":\"https:\/\/gsge.engineering\/#\/schema\/logo\/image\/\",\"url\":\"https:\/\/gsge.engineering\/wp-content\/uploads\/2024\/07\/Logo_final.png\",\"contentUrl\":\"https:\/\/gsge.engineering\/wp-content\/uploads\/2024\/07\/Logo_final.png\",\"width\":3100,\"height\":905,\"caption\":\"GSGE\"},\"image\":{\"@id\":\"https:\/\/gsge.engineering\/#\/schema\/logo\/image\/\"},\"sameAs\":[\"https:\/\/www.instagram.com\/gsge_gmbh\/\"]}]}<\/script>\n<!-- \/ Yoast SEO plugin. -->","yoast_head_json":{"title":"Unternehmen - GSGE","description":"Die GSGE GmbH ist ein spezialisiertes Unternehmen, welche Planungsdienstleistungen im Fachbereich Spezialtiefbau erbringt.","robots":{"index":"index","follow":"follow","max-snippet":"max-snippet:-1","max-image-preview":"max-image-preview:large","max-video-preview":"max-video-preview:-1"},"canonical":"https:\/\/gsge.engineering\/?page_id=314","og_locale":"de_DE","og_type":"article","og_title":"Unternehmen - GSGE","og_description":"Die GSGE GmbH ist ein spezialisiertes Unternehmen, welche Planungsdienstleistungen im Fachbereich Spezialtiefbau erbringt.","og_url":"https:\/\/gsge.engineering\/?page_id=314","og_site_name":"GSGE","article_modified_time":"2024-10-30T10:48:07+00:00","og_image":[{"url":"https:\/\/gsge.engineering\/wp-content\/uploads\/2024\/07\/GSGE-Icons-2024.2.png","type":"","width":"","height":""}],"twitter_card":"summary_large_image","twitter_misc":{"Gesch\u00e4tzte Lesezeit":"3\u00a0Minuten"},"schema":{"@context":"https:\/\/schema.org","@graph":[{"@type":"WebPage","@id":"https:\/\/gsge.engineering\/?page_id=314","url":"https:\/\/gsge.engineering\/?page_id=314","name":"Unternehmen - GSGE","isPartOf":{"@id":"https:\/\/gsge.engineering\/#website"},"primaryImageOfPage":{"@id":"https:\/\/gsge.engineering\/?page_id=314#primaryimage"},"image":{"@id":"https:\/\/gsge.engineering\/?page_id=314#primaryimage"},"thumbnailUrl":"https:\/\/gsge.engineering\/wp-content\/uploads\/2024\/07\/GSGE-Icons-2024.2.png","datePublished":"2024-07-04T08:07:28+00:00","dateModified":"2024-10-30T10:48:07+00:00","description":"Die GSGE GmbH ist ein spezialisiertes Unternehmen, welche Planungsdienstleistungen im Fachbereich Spezialtiefbau erbringt.","breadcrumb":{"@id":"https:\/\/gsge.engineering\/?page_id=314#breadcrumb"},"inLanguage":"de","potentialAction":[{"@type":"ReadAction","target":["https:\/\/gsge.engineering\/?page_id=314"]}]},{"@type":"ImageObject","inLanguage":"de","@id":"https:\/\/gsge.engineering\/?page_id=314#primaryimage","url":"https:\/\/gsge.engineering\/wp-content\/uploads\/2024\/07\/GSGE-Icons-2024.2.png","contentUrl":"https:\/\/gsge.engineering\/wp-content\/uploads\/2024\/07\/GSGE-Icons-2024.2.png","width":836,"height":878},{"@type":"BreadcrumbList","@id":"https:\/\/gsge.engineering\/?page_id=314#breadcrumb","itemListElement":[{"@type":"ListItem","position":1,"name":"Startseite","item":"https:\/\/gsge.engineering\/"},{"@type":"ListItem","position":2,"name":"Unternehmen"}]},{"@type":"WebSite","@id":"https:\/\/gsge.engineering\/#website","url":"https:\/\/gsge.engineering\/","name":"GSGE","description":"smart ground engineering","publisher":{"@id":"https:\/\/gsge.engineering\/#organization"},"potentialAction":[{"@type":"SearchAction","target":{"@type":"EntryPoint","urlTemplate":"https:\/\/gsge.engineering\/?s={search_term_string}"},"query-input":{"@type":"PropertyValueSpecification","valueRequired":true,"valueName":"search_term_string"}}],"inLanguage":"de"},{"@type":"Organization","@id":"https:\/\/gsge.engineering\/#organization","name":"GSGE","url":"https:\/\/gsge.engineering\/","logo":{"@type":"ImageObject","inLanguage":"de","@id":"https:\/\/gsge.engineering\/#\/schema\/logo\/image\/","url":"https:\/\/gsge.engineering\/wp-content\/uploads\/2024\/07\/Logo_final.png","contentUrl":"https:\/\/gsge.engineering\/wp-content\/uploads\/2024\/07\/Logo_final.png","width":3100,"height":905,"caption":"GSGE"},"image":{"@id":"https:\/\/gsge.engineering\/#\/schema\/logo\/image\/"},"sameAs":["https:\/\/www.instagram.com\/gsge_gmbh\/"]}]}},"_links":{"self":[{"href":"https:\/\/gsge.engineering\/index.php?rest_route=\/wp\/v2\/pages\/314","targetHints":{"allow":["GET"]}}],"collection":[{"href":"https:\/\/gsge.engineering\/index.php?rest_route=\/wp\/v2\/pages"}],"about":[{"href":"https:\/\/gsge.engineering\/index.php?rest_route=\/wp\/v2\/types\/page"}],"author":[{"embeddable":true,"href":"https:\/\/gsge.engineering\/index.php?rest_route=\/wp\/v2\/users\/1"}],"replies":[{"embeddable":true,"href":"https:\/\/gsge.engineering\/index.php?rest_route=%2Fwp%2Fv2%2Fcomments&post=314"}],"version-history":[{"count":40,"href":"https:\/\/gsge.engineering\/index.php?rest_route=\/wp\/v2\/pages\/314\/revisions"}],"predecessor-version":[{"id":962,"href":"https:\/\/gsge.engineering\/index.php?rest_route=\/wp\/v2\/pages\/314\/revisions\/962"}],"wp:attachment":[{"href":"https:\/\/gsge.engineering\/index.php?rest_route=%2Fwp%2Fv2%2Fmedia&parent=314"}],"curies":[{"name":"wp","href":"https:\/\/api.w.org\/{rel}","templated":true}]}}