{"id":1165,"date":"2024-07-29T15:46:58","date_gmt":"2024-07-29T15:46:58","guid":{"rendered":"https:\/\/gsge.engineering\/?page_id=1165"},"modified":"2024-08-03T05:12:49","modified_gmt":"2024-08-03T05:12:49","slug":"konzeptstudie-parkdeck-wasservorstadt-tittmoning","status":"publish","type":"page","link":"https:\/\/gsge.engineering\/?page_id=1165","title":{"rendered":"Konzeptstudie Parkdeck Wasservorstadt Tittmoning"},"content":{"rendered":"\t\t<div data-elementor-type=\"wp-page\" data-elementor-id=\"1165\" class=\"elementor elementor-1165\" data-elementor-post-type=\"page\">\n\t\t\t\t<div class=\"elementor-element elementor-element-7fb10d34 e-flex e-con-boxed e-con e-parent\" data-id=\"7fb10d34\" data-element_type=\"container\" data-e-type=\"container\" data-settings=\"{&quot;background_background&quot;:&quot;classic&quot;}\">\n\t\t\t\t\t<div class=\"e-con-inner\">\n\t\t<div class=\"elementor-element elementor-element-26c468c1 e-con-full e-flex e-con e-child\" data-id=\"26c468c1\" data-element_type=\"container\" data-e-type=\"container\" data-settings=\"{&quot;background_background&quot;:&quot;classic&quot;}\">\n\t\t\t\t<\/div>\n\t\t\t\t\t<\/div>\n\t\t\t\t<\/div>\n\t\t<div class=\"elementor-element elementor-element-55eb037 e-flex e-con-boxed e-con e-parent\" data-id=\"55eb037\" data-element_type=\"container\" data-e-type=\"container\">\n\t\t\t\t\t<div class=\"e-con-inner\">\n\t\t<div class=\"elementor-element elementor-element-6e291b1f e-con-full e-flex e-con e-child\" data-id=\"6e291b1f\" data-element_type=\"container\" data-e-type=\"container\">\n\t\t\t\t<div class=\"elementor-element elementor-element-64925edb elementor-widget elementor-widget-heading\" data-id=\"64925edb\" data-element_type=\"widget\" data-e-type=\"widget\" data-widget_type=\"heading.default\">\n\t\t\t\t<div class=\"elementor-widget-container\">\n\t\t\t\t\t<h2 class=\"elementor-heading-title elementor-size-default\">Konzeptstudie Parkdeck Wasservorstadt Tittmoning<\/h2>\t\t\t\t<\/div>\n\t\t\t\t<\/div>\n\t\t\t\t<div class=\"elementor-element elementor-element-bcf840 elementor-widget elementor-widget-text-editor\" data-id=\"bcf840\" data-element_type=\"widget\" data-e-type=\"widget\" data-widget_type=\"text-editor.default\">\n\t\t\t\t<div class=\"elementor-widget-container\">\n\t\t\t\t\t\t\t\t\t<p>Im Bereich des bereits bestehenden Parkplatzes der Wasservorstadt Tittmoning, plant die Stadt den Neubau eines Parkhauses, um dem erh\u00f6hten Parkplatzbedarf der Stadt nachzukommen. F\u00fcr das Parkhaus sind zwei verschiedene Standorte vorgesehen. In Abh\u00e4ngigkeit des Standorts wurden Verbau- und Tiefgr\u00fcndungsarbeiten erforderlich. Daraus ergaben sich auch unterschiedliche Konstruktionen des Parkhauses (Stahlbeton-Holz bzw. Stahlbeton-Stahl). <br \/>Es wurden insgesamt sechs Varianten mit den einzelnen Vor- und Nachteilen sowie den gesch\u00e4tzten Baukosten untersucht und gegen\u00fcbergestellt.<\/p>\t\t\t\t\t\t\t\t<\/div>\n\t\t\t\t<\/div>\n\t\t\t\t<div class=\"elementor-element elementor-element-3f39ecc3 elementor-widget elementor-widget-text-editor\" data-id=\"3f39ecc3\" data-element_type=\"widget\" data-e-type=\"widget\" data-widget_type=\"text-editor.default\">\n\t\t\t\t<div class=\"elementor-widget-container\">\n\t\t\t\t\t\t\t\t\t<p><strong>Planungsleistung:<\/strong><\/p><ul><li>Ausarbeitung der Verbau-, Gr\u00fcndungs und Tragwerkskonzepte der Varianten<\/li><li>Variantenstudium technische Machbarkeit<\/li><li>Variantenstudium wirtschaftlicher Vergleich<\/li><\/ul>\t\t\t\t\t\t\t\t<\/div>\n\t\t\t\t<\/div>\n\t\t\t\t<\/div>\n\t\t<div class=\"elementor-element elementor-element-134df4e1 e-con-full e-flex e-con e-child\" data-id=\"134df4e1\" data-element_type=\"container\" data-e-type=\"container\">\n\t\t\t\t<div class=\"elementor-element elementor-element-797c6fc7 elementor-widget elementor-widget-heading\" data-id=\"797c6fc7\" data-element_type=\"widget\" data-e-type=\"widget\" data-widget_type=\"heading.default\">\n\t\t\t\t<div class=\"elementor-widget-container\">\n\t\t\t\t\t<h2 class=\"elementor-heading-title elementor-size-default\">Info<\/h2>\t\t\t\t<\/div>\n\t\t\t\t<\/div>\n\t\t\t\t<div class=\"elementor-element elementor-element-7285d25d elementor-widget elementor-widget-text-editor\" data-id=\"7285d25d\" data-element_type=\"widget\" data-e-type=\"widget\" data-widget_type=\"text-editor.default\">\n\t\t\t\t<div class=\"elementor-widget-container\">\n\t\t\t\t\t\t\t\t\t<p><strong>Bauherr:\u00a0\u00a0\u00a0\u00a0\u00a0\u00a0\u00a0\u00a0\u00a0\u00a0\u00a0\u00a0\u00a0\u00a0\u00a0\u00a0\u00a0\u00a0\u00a0\u00a0\u00a0\u00a0\u00a0<\/strong><\/p><p>Stadt Tittmoning<\/p><p>Stadtplatz 1<\/p><p>84529 Tittmoning<\/p><p><strong>Ausf\u00fchrung Planung:\u00a0\u00a0\u00a0\u00a0\u00a0\u00a0\u00a0<\/strong><\/p><p>Herbst 2023<\/p>\t\t\t\t\t\t\t\t<\/div>\n\t\t\t\t<\/div>\n\t\t\t\t<\/div>\n\t\t\t\t\t<\/div>\n\t\t\t\t<\/div>\n\t\t\t\t<\/div>\n\t\t","protected":false},"excerpt":{"rendered":"<p>Konzeptstudie Parkdeck Wasservorstadt Tittmoning Im Bereich des bereits bestehenden Parkplatzes der Wasservorstadt Tittmoning, plant die Stadt den Neubau eines Parkhauses, um dem erh\u00f6hten Parkplatzbedarf der Stadt nachzukommen. F\u00fcr das Parkhaus sind zwei verschiedene Standorte vorgesehen. In Abh\u00e4ngigkeit des Standorts wurden Verbau- und Tiefgr\u00fcndungsarbeiten erforderlich. Daraus ergaben sich auch unterschiedliche Konstruktionen des Parkhauses (Stahlbeton-Holz bzw. Stahlbeton-Stahl). [&hellip;]<\/p>\n","protected":false},"author":1,"featured_media":0,"parent":0,"menu_order":0,"comment_status":"closed","ping_status":"closed","template":"","meta":{"footnotes":""},"class_list":["post-1165","page","type-page","status-publish","hentry"],"yoast_head":"<!-- This site is optimized with the Yoast SEO plugin v27.4 - https:\/\/yoast.com\/product\/yoast-seo-wordpress\/ -->\n<title>Konzeptstudie Parkdeck Wasservorstadt Tittmoning - GSGE<\/title>\n<meta name=\"robots\" content=\"index, follow, max-snippet:-1, max-image-preview:large, max-video-preview:-1\" \/>\n<link rel=\"canonical\" href=\"https:\/\/gsge.engineering\/?page_id=1165\" \/>\n<meta property=\"og:locale\" content=\"de_DE\" \/>\n<meta property=\"og:type\" content=\"article\" \/>\n<meta property=\"og:title\" content=\"Konzeptstudie Parkdeck Wasservorstadt Tittmoning - GSGE\" \/>\n<meta property=\"og:description\" content=\"Konzeptstudie Parkdeck Wasservorstadt Tittmoning Im Bereich des bereits bestehenden Parkplatzes der Wasservorstadt Tittmoning, plant die Stadt den Neubau eines Parkhauses, um dem erh\u00f6hten Parkplatzbedarf der Stadt nachzukommen. F\u00fcr das Parkhaus sind zwei verschiedene Standorte vorgesehen. In Abh\u00e4ngigkeit des Standorts wurden Verbau- und Tiefgr\u00fcndungsarbeiten erforderlich. Daraus ergaben sich auch unterschiedliche Konstruktionen des Parkhauses (Stahlbeton-Holz bzw. Stahlbeton-Stahl). [&hellip;]\" \/>\n<meta property=\"og:url\" content=\"https:\/\/gsge.engineering\/?page_id=1165\" \/>\n<meta property=\"og:site_name\" content=\"GSGE\" \/>\n<meta property=\"article:modified_time\" content=\"2024-08-03T05:12:49+00:00\" \/>\n<meta name=\"twitter:card\" content=\"summary_large_image\" \/>\n<meta name=\"twitter:label1\" content=\"Gesch\u00e4tzte Lesezeit\" \/>\n\t<meta name=\"twitter:data1\" content=\"1\u00a0Minute\" \/>\n<script type=\"application\/ld+json\" class=\"yoast-schema-graph\">{\"@context\":\"https:\\\/\\\/schema.org\",\"@graph\":[{\"@type\":\"WebPage\",\"@id\":\"https:\\\/\\\/gsge.engineering\\\/?page_id=1165\",\"url\":\"https:\\\/\\\/gsge.engineering\\\/?page_id=1165\",\"name\":\"Konzeptstudie Parkdeck Wasservorstadt Tittmoning - GSGE\",\"isPartOf\":{\"@id\":\"https:\\\/\\\/gsge.engineering\\\/#website\"},\"datePublished\":\"2024-07-29T15:46:58+00:00\",\"dateModified\":\"2024-08-03T05:12:49+00:00\",\"breadcrumb\":{\"@id\":\"https:\\\/\\\/gsge.engineering\\\/?page_id=1165#breadcrumb\"},\"inLanguage\":\"de\",\"potentialAction\":[{\"@type\":\"ReadAction\",\"target\":[\"https:\\\/\\\/gsge.engineering\\\/?page_id=1165\"]}]},{\"@type\":\"BreadcrumbList\",\"@id\":\"https:\\\/\\\/gsge.engineering\\\/?page_id=1165#breadcrumb\",\"itemListElement\":[{\"@type\":\"ListItem\",\"position\":1,\"name\":\"Startseite\",\"item\":\"https:\\\/\\\/gsge.engineering\\\/\"},{\"@type\":\"ListItem\",\"position\":2,\"name\":\"Konzeptstudie Parkdeck Wasservorstadt Tittmoning\"}]},{\"@type\":\"WebSite\",\"@id\":\"https:\\\/\\\/gsge.engineering\\\/#website\",\"url\":\"https:\\\/\\\/gsge.engineering\\\/\",\"name\":\"GSGE\",\"description\":\"smart ground engineering\",\"publisher\":{\"@id\":\"https:\\\/\\\/gsge.engineering\\\/#organization\"},\"potentialAction\":[{\"@type\":\"SearchAction\",\"target\":{\"@type\":\"EntryPoint\",\"urlTemplate\":\"https:\\\/\\\/gsge.engineering\\\/?s={search_term_string}\"},\"query-input\":{\"@type\":\"PropertyValueSpecification\",\"valueRequired\":true,\"valueName\":\"search_term_string\"}}],\"inLanguage\":\"de\"},{\"@type\":\"Organization\",\"@id\":\"https:\\\/\\\/gsge.engineering\\\/#organization\",\"name\":\"GSGE\",\"url\":\"https:\\\/\\\/gsge.engineering\\\/\",\"logo\":{\"@type\":\"ImageObject\",\"inLanguage\":\"de\",\"@id\":\"https:\\\/\\\/gsge.engineering\\\/#\\\/schema\\\/logo\\\/image\\\/\",\"url\":\"https:\\\/\\\/gsge.engineering\\\/wp-content\\\/uploads\\\/2024\\\/07\\\/Logo_final.png\",\"contentUrl\":\"https:\\\/\\\/gsge.engineering\\\/wp-content\\\/uploads\\\/2024\\\/07\\\/Logo_final.png\",\"width\":3100,\"height\":905,\"caption\":\"GSGE\"},\"image\":{\"@id\":\"https:\\\/\\\/gsge.engineering\\\/#\\\/schema\\\/logo\\\/image\\\/\"},\"sameAs\":[\"https:\\\/\\\/www.instagram.com\\\/gsge_gmbh\\\/\"]}]}<\/script>\n<!-- \/ Yoast SEO plugin. -->","yoast_head_json":{"title":"Konzeptstudie Parkdeck Wasservorstadt Tittmoning - GSGE","robots":{"index":"index","follow":"follow","max-snippet":"max-snippet:-1","max-image-preview":"max-image-preview:large","max-video-preview":"max-video-preview:-1"},"canonical":"https:\/\/gsge.engineering\/?page_id=1165","og_locale":"de_DE","og_type":"article","og_title":"Konzeptstudie Parkdeck Wasservorstadt Tittmoning - GSGE","og_description":"Konzeptstudie Parkdeck Wasservorstadt Tittmoning Im Bereich des bereits bestehenden Parkplatzes der Wasservorstadt Tittmoning, plant die Stadt den Neubau eines Parkhauses, um dem erh\u00f6hten Parkplatzbedarf der Stadt nachzukommen. F\u00fcr das Parkhaus sind zwei verschiedene Standorte vorgesehen. In Abh\u00e4ngigkeit des Standorts wurden Verbau- und Tiefgr\u00fcndungsarbeiten erforderlich. Daraus ergaben sich auch unterschiedliche Konstruktionen des Parkhauses (Stahlbeton-Holz bzw. Stahlbeton-Stahl). [&hellip;]","og_url":"https:\/\/gsge.engineering\/?page_id=1165","og_site_name":"GSGE","article_modified_time":"2024-08-03T05:12:49+00:00","twitter_card":"summary_large_image","twitter_misc":{"Gesch\u00e4tzte Lesezeit":"1\u00a0Minute"},"schema":{"@context":"https:\/\/schema.org","@graph":[{"@type":"WebPage","@id":"https:\/\/gsge.engineering\/?page_id=1165","url":"https:\/\/gsge.engineering\/?page_id=1165","name":"Konzeptstudie Parkdeck Wasservorstadt Tittmoning - GSGE","isPartOf":{"@id":"https:\/\/gsge.engineering\/#website"},"datePublished":"2024-07-29T15:46:58+00:00","dateModified":"2024-08-03T05:12:49+00:00","breadcrumb":{"@id":"https:\/\/gsge.engineering\/?page_id=1165#breadcrumb"},"inLanguage":"de","potentialAction":[{"@type":"ReadAction","target":["https:\/\/gsge.engineering\/?page_id=1165"]}]},{"@type":"BreadcrumbList","@id":"https:\/\/gsge.engineering\/?page_id=1165#breadcrumb","itemListElement":[{"@type":"ListItem","position":1,"name":"Startseite","item":"https:\/\/gsge.engineering\/"},{"@type":"ListItem","position":2,"name":"Konzeptstudie Parkdeck Wasservorstadt Tittmoning"}]},{"@type":"WebSite","@id":"https:\/\/gsge.engineering\/#website","url":"https:\/\/gsge.engineering\/","name":"GSGE","description":"smart ground engineering","publisher":{"@id":"https:\/\/gsge.engineering\/#organization"},"potentialAction":[{"@type":"SearchAction","target":{"@type":"EntryPoint","urlTemplate":"https:\/\/gsge.engineering\/?s={search_term_string}"},"query-input":{"@type":"PropertyValueSpecification","valueRequired":true,"valueName":"search_term_string"}}],"inLanguage":"de"},{"@type":"Organization","@id":"https:\/\/gsge.engineering\/#organization","name":"GSGE","url":"https:\/\/gsge.engineering\/","logo":{"@type":"ImageObject","inLanguage":"de","@id":"https:\/\/gsge.engineering\/#\/schema\/logo\/image\/","url":"https:\/\/gsge.engineering\/wp-content\/uploads\/2024\/07\/Logo_final.png","contentUrl":"https:\/\/gsge.engineering\/wp-content\/uploads\/2024\/07\/Logo_final.png","width":3100,"height":905,"caption":"GSGE"},"image":{"@id":"https:\/\/gsge.engineering\/#\/schema\/logo\/image\/"},"sameAs":["https:\/\/www.instagram.com\/gsge_gmbh\/"]}]}},"_links":{"self":[{"href":"https:\/\/gsge.engineering\/index.php?rest_route=\/wp\/v2\/pages\/1165","targetHints":{"allow":["GET"]}}],"collection":[{"href":"https:\/\/gsge.engineering\/index.php?rest_route=\/wp\/v2\/pages"}],"about":[{"href":"https:\/\/gsge.engineering\/index.php?rest_route=\/wp\/v2\/types\/page"}],"author":[{"embeddable":true,"href":"https:\/\/gsge.engineering\/index.php?rest_route=\/wp\/v2\/users\/1"}],"replies":[{"embeddable":true,"href":"https:\/\/gsge.engineering\/index.php?rest_route=%2Fwp%2Fv2%2Fcomments&post=1165"}],"version-history":[{"count":7,"href":"https:\/\/gsge.engineering\/index.php?rest_route=\/wp\/v2\/pages\/1165\/revisions"}],"predecessor-version":[{"id":1321,"href":"https:\/\/gsge.engineering\/index.php?rest_route=\/wp\/v2\/pages\/1165\/revisions\/1321"}],"wp:attachment":[{"href":"https:\/\/gsge.engineering\/index.php?rest_route=%2Fwp%2Fv2%2Fmedia&parent=1165"}],"curies":[{"name":"wp","href":"https:\/\/api.w.org\/{rel}","templated":true}]}}