{"id":1153,"date":"2024-07-29T15:42:53","date_gmt":"2024-07-29T15:42:53","guid":{"rendered":"https:\/\/gsge.engineering\/?page_id=1153"},"modified":"2024-08-03T05:08:47","modified_gmt":"2024-08-03T05:08:47","slug":"energiepark-bad-lauchstaedt","status":"publish","type":"page","link":"https:\/\/gsge.engineering\/?page_id=1153","title":{"rendered":"Energiepark Bad Lauchst\u00e4dt"},"content":{"rendered":"\t\t<div data-elementor-type=\"wp-page\" data-elementor-id=\"1153\" class=\"elementor elementor-1153\" data-elementor-post-type=\"page\">\n\t\t\t\t<div class=\"elementor-element elementor-element-414d910e e-flex e-con-boxed e-con e-parent\" data-id=\"414d910e\" data-element_type=\"container\" data-e-type=\"container\" data-settings=\"{&quot;background_background&quot;:&quot;classic&quot;}\">\n\t\t\t\t\t<div class=\"e-con-inner\">\n\t\t<div class=\"elementor-element elementor-element-3041f9d9 e-con-full e-flex e-con e-child\" data-id=\"3041f9d9\" data-element_type=\"container\" data-e-type=\"container\" data-settings=\"{&quot;background_background&quot;:&quot;slideshow&quot;,&quot;background_slideshow_gallery&quot;:[{&quot;id&quot;:1151,&quot;url&quot;:&quot;https:\\\/\\\/gsge.engineering\\\/wp-content\\\/uploads\\\/2024\\\/07\\\/Bad-Lauchstaedt_2-scaled.jpg&quot;},{&quot;id&quot;:1150,&quot;url&quot;:&quot;https:\\\/\\\/gsge.engineering\\\/wp-content\\\/uploads\\\/2024\\\/07\\\/Bad-Lauchstaedt_1-scaled.jpg&quot;}],&quot;background_slideshow_loop&quot;:&quot;yes&quot;,&quot;background_slideshow_slide_duration&quot;:5000,&quot;background_slideshow_slide_transition&quot;:&quot;fade&quot;,&quot;background_slideshow_transition_duration&quot;:500}\">\n\t\t\t\t<\/div>\n\t\t\t\t\t<\/div>\n\t\t\t\t<\/div>\n\t\t<div class=\"elementor-element elementor-element-6a193e22 e-flex e-con-boxed e-con e-parent\" data-id=\"6a193e22\" data-element_type=\"container\" data-e-type=\"container\">\n\t\t\t\t\t<div class=\"e-con-inner\">\n\t\t<div class=\"elementor-element elementor-element-3c771229 e-con-full e-flex e-con e-child\" data-id=\"3c771229\" data-element_type=\"container\" data-e-type=\"container\">\n\t\t\t\t<div class=\"elementor-element elementor-element-5967939f elementor-widget elementor-widget-heading\" data-id=\"5967939f\" data-element_type=\"widget\" data-e-type=\"widget\" data-widget_type=\"heading.default\">\n\t\t\t\t<div class=\"elementor-widget-container\">\n\t\t\t\t\t<h2 class=\"elementor-heading-title elementor-size-default\">Energiepark Bad Lauchst\u00e4dt<\/h2>\t\t\t\t<\/div>\n\t\t\t\t<\/div>\n\t\t\t\t<div class=\"elementor-element elementor-element-17828047 elementor-widget elementor-widget-text-editor\" data-id=\"17828047\" data-element_type=\"widget\" data-e-type=\"widget\" data-widget_type=\"text-editor.default\">\n\t\t\t\t<div class=\"elementor-widget-container\">\n\t\t\t\t\t\t\t\t\t<p>F\u00fcr den Neubau eines L\u00f6schwasserbeh\u00e4lters und Regenr\u00fcckhaltebeckens auf dem Gel\u00e4nde des geplanten Energieparks Bad Lauchst\u00e4dt waren Verbauarbeiten erforderlich. Die Verbauten wurden als zum Teil r\u00fcckverankerter geschlossener und abgedichteter Spundwandkasten ausgebildet. Es handelte sich hierbei um tempor\u00e4re Baugrubensicherungsma\u00dfnahmen. Die Baugruben wurden mit 1490 Quadratmeter geschlossener, abgedichteter Spundwand realisiert. Zur R\u00fcckverankerung der Spundwand wurden 45 vorgespannte Verpresspf\u00e4hle mit 540 m\u2018 Gesamtl\u00e4nge verbaut.<\/p>\t\t\t\t\t\t\t\t<\/div>\n\t\t\t\t<\/div>\n\t\t\t\t<div class=\"elementor-element elementor-element-56b966f elementor-widget elementor-widget-text-editor\" data-id=\"56b966f\" data-element_type=\"widget\" data-e-type=\"widget\" data-widget_type=\"text-editor.default\">\n\t\t\t\t<div class=\"elementor-widget-container\">\n\t\t\t\t\t\t\t\t\t<p><strong>Planungsleistungen:<\/strong><\/p><ul><li>Genehmigungsplanung LPH4 \u2013 Verbau und Gr\u00fcndung<\/li><li>Ausf\u00fchrungsplanung LPH5 \u2013 Verbau und Gr\u00fcndung<\/li><\/ul>\t\t\t\t\t\t\t\t<\/div>\n\t\t\t\t<\/div>\n\t\t\t\t<\/div>\n\t\t<div class=\"elementor-element elementor-element-1e351973 e-con-full e-flex e-con e-child\" data-id=\"1e351973\" data-element_type=\"container\" data-e-type=\"container\">\n\t\t\t\t<div class=\"elementor-element elementor-element-150e57d1 elementor-widget elementor-widget-heading\" data-id=\"150e57d1\" data-element_type=\"widget\" data-e-type=\"widget\" data-widget_type=\"heading.default\">\n\t\t\t\t<div class=\"elementor-widget-container\">\n\t\t\t\t\t<h2 class=\"elementor-heading-title elementor-size-default\">Info<\/h2>\t\t\t\t<\/div>\n\t\t\t\t<\/div>\n\t\t\t\t<div class=\"elementor-element elementor-element-537e7a24 elementor-widget elementor-widget-text-editor\" data-id=\"537e7a24\" data-element_type=\"widget\" data-e-type=\"widget\" data-widget_type=\"text-editor.default\">\n\t\t\t\t<div class=\"elementor-widget-container\">\n\t\t\t\t\t\t\t\t\t<p><strong>Bauherr:<\/strong><\/p><p>Elektrolyse Mitteldeutschland GmbH<\/p><p>Holzstra\u00dfe 6<\/p><p>40221 D\u00fcsseldorf<\/p><p>\u00a0<\/p><p><strong>Ausf\u00fchrung:<\/strong><\/p><p>Franz Kassecker GmbH<\/p><p>Egerer Stra\u00dfe 36\u00a0\u00a0\u00a0\u00a0\u00a0\u00a0\u00a0\u00a0\u00a0\u00a0\u00a0\u00a0\u00a0\u00a0\u00a0\u00a0\u00a0\u00a0\u00a0\u00a0\u00a0<\/p><p>96652 Waldsassen<\/p><p>\u00a0<\/p><p><strong>Ausf\u00fchrungszeitraum:\u00a0\u00a0\u00a0\u00a0\u00a0\u00a0 \u00a0\u00a0\u00a0\u00a0\u00a0\u00a0\u00a0\u00a0<\/strong><\/p><p>Fr\u00fchjahr 2024<\/p><p>\u00a0<\/p><p><strong>Angaben zum Projekt:\u00a0\u00a0\u00a0\u00a0\u00a0\u00a0\u00a0\u00a0\u00a0\u00a0\u00a0\u00a0\u00a0\u00a0<\/strong><\/p><p>1490m\u00b2 abgedichteter, geschlossener Spundwandkasten<\/p><p>45 St\u00fcck vorgespannte Verpresspf\u00e4hle mit einer Gesamtl\u00e4nge von 540 m\u2018 zur R\u00fcckverankerung<\/p>\t\t\t\t\t\t\t\t<\/div>\n\t\t\t\t<\/div>\n\t\t\t\t<\/div>\n\t\t\t\t\t<\/div>\n\t\t\t\t<\/div>\n\t\t\t\t<\/div>\n\t\t","protected":false},"excerpt":{"rendered":"<p>Energiepark Bad Lauchst\u00e4dt F\u00fcr den Neubau eines L\u00f6schwasserbeh\u00e4lters und Regenr\u00fcckhaltebeckens auf dem Gel\u00e4nde des geplanten Energieparks Bad Lauchst\u00e4dt waren Verbauarbeiten erforderlich. Die Verbauten wurden als zum Teil r\u00fcckverankerter geschlossener und abgedichteter Spundwandkasten ausgebildet. Es handelte sich hierbei um tempor\u00e4re Baugrubensicherungsma\u00dfnahmen. Die Baugruben wurden mit 1490 Quadratmeter geschlossener, abgedichteter Spundwand realisiert. Zur R\u00fcckverankerung der Spundwand wurden [&hellip;]<\/p>\n","protected":false},"author":1,"featured_media":0,"parent":0,"menu_order":0,"comment_status":"closed","ping_status":"closed","template":"","meta":{"footnotes":""},"class_list":["post-1153","page","type-page","status-publish","hentry"],"yoast_head":"<!-- This site is optimized with the Yoast SEO plugin v27.4 - https:\/\/yoast.com\/product\/yoast-seo-wordpress\/ -->\n<title>Energiepark Bad Lauchst\u00e4dt - GSGE<\/title>\n<meta name=\"robots\" content=\"index, follow, max-snippet:-1, max-image-preview:large, max-video-preview:-1\" \/>\n<link rel=\"canonical\" href=\"https:\/\/gsge.engineering\/?page_id=1153\" \/>\n<meta property=\"og:locale\" content=\"de_DE\" \/>\n<meta property=\"og:type\" content=\"article\" \/>\n<meta property=\"og:title\" content=\"Energiepark Bad Lauchst\u00e4dt - GSGE\" \/>\n<meta property=\"og:description\" content=\"Energiepark Bad Lauchst\u00e4dt F\u00fcr den Neubau eines L\u00f6schwasserbeh\u00e4lters und Regenr\u00fcckhaltebeckens auf dem Gel\u00e4nde des geplanten Energieparks Bad Lauchst\u00e4dt waren Verbauarbeiten erforderlich. Die Verbauten wurden als zum Teil r\u00fcckverankerter geschlossener und abgedichteter Spundwandkasten ausgebildet. Es handelte sich hierbei um tempor\u00e4re Baugrubensicherungsma\u00dfnahmen. Die Baugruben wurden mit 1490 Quadratmeter geschlossener, abgedichteter Spundwand realisiert. Zur R\u00fcckverankerung der Spundwand wurden [&hellip;]\" \/>\n<meta property=\"og:url\" content=\"https:\/\/gsge.engineering\/?page_id=1153\" \/>\n<meta property=\"og:site_name\" content=\"GSGE\" \/>\n<meta property=\"article:modified_time\" content=\"2024-08-03T05:08:47+00:00\" \/>\n<meta name=\"twitter:card\" content=\"summary_large_image\" \/>\n<meta name=\"twitter:label1\" content=\"Gesch\u00e4tzte Lesezeit\" \/>\n\t<meta name=\"twitter:data1\" content=\"1\u00a0Minute\" \/>\n<script type=\"application\/ld+json\" class=\"yoast-schema-graph\">{\"@context\":\"https:\\\/\\\/schema.org\",\"@graph\":[{\"@type\":\"WebPage\",\"@id\":\"https:\\\/\\\/gsge.engineering\\\/?page_id=1153\",\"url\":\"https:\\\/\\\/gsge.engineering\\\/?page_id=1153\",\"name\":\"Energiepark Bad Lauchst\u00e4dt - GSGE\",\"isPartOf\":{\"@id\":\"https:\\\/\\\/gsge.engineering\\\/#website\"},\"datePublished\":\"2024-07-29T15:42:53+00:00\",\"dateModified\":\"2024-08-03T05:08:47+00:00\",\"breadcrumb\":{\"@id\":\"https:\\\/\\\/gsge.engineering\\\/?page_id=1153#breadcrumb\"},\"inLanguage\":\"de\",\"potentialAction\":[{\"@type\":\"ReadAction\",\"target\":[\"https:\\\/\\\/gsge.engineering\\\/?page_id=1153\"]}]},{\"@type\":\"BreadcrumbList\",\"@id\":\"https:\\\/\\\/gsge.engineering\\\/?page_id=1153#breadcrumb\",\"itemListElement\":[{\"@type\":\"ListItem\",\"position\":1,\"name\":\"Startseite\",\"item\":\"https:\\\/\\\/gsge.engineering\\\/\"},{\"@type\":\"ListItem\",\"position\":2,\"name\":\"Energiepark Bad Lauchst\u00e4dt\"}]},{\"@type\":\"WebSite\",\"@id\":\"https:\\\/\\\/gsge.engineering\\\/#website\",\"url\":\"https:\\\/\\\/gsge.engineering\\\/\",\"name\":\"GSGE\",\"description\":\"smart ground engineering\",\"publisher\":{\"@id\":\"https:\\\/\\\/gsge.engineering\\\/#organization\"},\"potentialAction\":[{\"@type\":\"SearchAction\",\"target\":{\"@type\":\"EntryPoint\",\"urlTemplate\":\"https:\\\/\\\/gsge.engineering\\\/?s={search_term_string}\"},\"query-input\":{\"@type\":\"PropertyValueSpecification\",\"valueRequired\":true,\"valueName\":\"search_term_string\"}}],\"inLanguage\":\"de\"},{\"@type\":\"Organization\",\"@id\":\"https:\\\/\\\/gsge.engineering\\\/#organization\",\"name\":\"GSGE\",\"url\":\"https:\\\/\\\/gsge.engineering\\\/\",\"logo\":{\"@type\":\"ImageObject\",\"inLanguage\":\"de\",\"@id\":\"https:\\\/\\\/gsge.engineering\\\/#\\\/schema\\\/logo\\\/image\\\/\",\"url\":\"https:\\\/\\\/gsge.engineering\\\/wp-content\\\/uploads\\\/2024\\\/07\\\/Logo_final.png\",\"contentUrl\":\"https:\\\/\\\/gsge.engineering\\\/wp-content\\\/uploads\\\/2024\\\/07\\\/Logo_final.png\",\"width\":3100,\"height\":905,\"caption\":\"GSGE\"},\"image\":{\"@id\":\"https:\\\/\\\/gsge.engineering\\\/#\\\/schema\\\/logo\\\/image\\\/\"},\"sameAs\":[\"https:\\\/\\\/www.instagram.com\\\/gsge_gmbh\\\/\"]}]}<\/script>\n<!-- \/ Yoast SEO plugin. -->","yoast_head_json":{"title":"Energiepark Bad Lauchst\u00e4dt - GSGE","robots":{"index":"index","follow":"follow","max-snippet":"max-snippet:-1","max-image-preview":"max-image-preview:large","max-video-preview":"max-video-preview:-1"},"canonical":"https:\/\/gsge.engineering\/?page_id=1153","og_locale":"de_DE","og_type":"article","og_title":"Energiepark Bad Lauchst\u00e4dt - GSGE","og_description":"Energiepark Bad Lauchst\u00e4dt F\u00fcr den Neubau eines L\u00f6schwasserbeh\u00e4lters und Regenr\u00fcckhaltebeckens auf dem Gel\u00e4nde des geplanten Energieparks Bad Lauchst\u00e4dt waren Verbauarbeiten erforderlich. Die Verbauten wurden als zum Teil r\u00fcckverankerter geschlossener und abgedichteter Spundwandkasten ausgebildet. Es handelte sich hierbei um tempor\u00e4re Baugrubensicherungsma\u00dfnahmen. Die Baugruben wurden mit 1490 Quadratmeter geschlossener, abgedichteter Spundwand realisiert. Zur R\u00fcckverankerung der Spundwand wurden [&hellip;]","og_url":"https:\/\/gsge.engineering\/?page_id=1153","og_site_name":"GSGE","article_modified_time":"2024-08-03T05:08:47+00:00","twitter_card":"summary_large_image","twitter_misc":{"Gesch\u00e4tzte Lesezeit":"1\u00a0Minute"},"schema":{"@context":"https:\/\/schema.org","@graph":[{"@type":"WebPage","@id":"https:\/\/gsge.engineering\/?page_id=1153","url":"https:\/\/gsge.engineering\/?page_id=1153","name":"Energiepark Bad Lauchst\u00e4dt - GSGE","isPartOf":{"@id":"https:\/\/gsge.engineering\/#website"},"datePublished":"2024-07-29T15:42:53+00:00","dateModified":"2024-08-03T05:08:47+00:00","breadcrumb":{"@id":"https:\/\/gsge.engineering\/?page_id=1153#breadcrumb"},"inLanguage":"de","potentialAction":[{"@type":"ReadAction","target":["https:\/\/gsge.engineering\/?page_id=1153"]}]},{"@type":"BreadcrumbList","@id":"https:\/\/gsge.engineering\/?page_id=1153#breadcrumb","itemListElement":[{"@type":"ListItem","position":1,"name":"Startseite","item":"https:\/\/gsge.engineering\/"},{"@type":"ListItem","position":2,"name":"Energiepark Bad Lauchst\u00e4dt"}]},{"@type":"WebSite","@id":"https:\/\/gsge.engineering\/#website","url":"https:\/\/gsge.engineering\/","name":"GSGE","description":"smart ground engineering","publisher":{"@id":"https:\/\/gsge.engineering\/#organization"},"potentialAction":[{"@type":"SearchAction","target":{"@type":"EntryPoint","urlTemplate":"https:\/\/gsge.engineering\/?s={search_term_string}"},"query-input":{"@type":"PropertyValueSpecification","valueRequired":true,"valueName":"search_term_string"}}],"inLanguage":"de"},{"@type":"Organization","@id":"https:\/\/gsge.engineering\/#organization","name":"GSGE","url":"https:\/\/gsge.engineering\/","logo":{"@type":"ImageObject","inLanguage":"de","@id":"https:\/\/gsge.engineering\/#\/schema\/logo\/image\/","url":"https:\/\/gsge.engineering\/wp-content\/uploads\/2024\/07\/Logo_final.png","contentUrl":"https:\/\/gsge.engineering\/wp-content\/uploads\/2024\/07\/Logo_final.png","width":3100,"height":905,"caption":"GSGE"},"image":{"@id":"https:\/\/gsge.engineering\/#\/schema\/logo\/image\/"},"sameAs":["https:\/\/www.instagram.com\/gsge_gmbh\/"]}]}},"_links":{"self":[{"href":"https:\/\/gsge.engineering\/index.php?rest_route=\/wp\/v2\/pages\/1153","targetHints":{"allow":["GET"]}}],"collection":[{"href":"https:\/\/gsge.engineering\/index.php?rest_route=\/wp\/v2\/pages"}],"about":[{"href":"https:\/\/gsge.engineering\/index.php?rest_route=\/wp\/v2\/types\/page"}],"author":[{"embeddable":true,"href":"https:\/\/gsge.engineering\/index.php?rest_route=\/wp\/v2\/users\/1"}],"replies":[{"embeddable":true,"href":"https:\/\/gsge.engineering\/index.php?rest_route=%2Fwp%2Fv2%2Fcomments&post=1153"}],"version-history":[{"count":7,"href":"https:\/\/gsge.engineering\/index.php?rest_route=\/wp\/v2\/pages\/1153\/revisions"}],"predecessor-version":[{"id":1315,"href":"https:\/\/gsge.engineering\/index.php?rest_route=\/wp\/v2\/pages\/1153\/revisions\/1315"}],"wp:attachment":[{"href":"https:\/\/gsge.engineering\/index.php?rest_route=%2Fwp%2Fv2%2Fmedia&parent=1153"}],"curies":[{"name":"wp","href":"https:\/\/api.w.org\/{rel}","templated":true}]}}