{"id":1113,"date":"2024-07-29T15:20:45","date_gmt":"2024-07-29T15:20:45","guid":{"rendered":"https:\/\/gsge.engineering\/?page_id=1113"},"modified":"2024-07-29T15:25:08","modified_gmt":"2024-07-29T15:25:08","slug":"erneuerung-verkehrsstation-enzisweiler","status":"publish","type":"page","link":"https:\/\/gsge.engineering\/?page_id=1113","title":{"rendered":"Erneuerung Verkehrsstation Enzisweiler"},"content":{"rendered":"\t\t<div data-elementor-type=\"wp-page\" data-elementor-id=\"1113\" class=\"elementor elementor-1113\" data-elementor-post-type=\"page\">\n\t\t\t\t<div class=\"elementor-element elementor-element-342e5f84 e-flex e-con-boxed e-con e-parent\" data-id=\"342e5f84\" data-element_type=\"container\" data-e-type=\"container\" data-settings=\"{&quot;background_background&quot;:&quot;slideshow&quot;,&quot;background_slideshow_gallery&quot;:[],&quot;background_slideshow_loop&quot;:&quot;yes&quot;,&quot;background_slideshow_slide_duration&quot;:5000,&quot;background_slideshow_slide_transition&quot;:&quot;fade&quot;,&quot;background_slideshow_transition_duration&quot;:500}\">\n\t\t\t\t\t<div class=\"e-con-inner\">\n\t\t<div class=\"elementor-element elementor-element-7b2b1b7f e-con-full e-flex e-con e-child\" data-id=\"7b2b1b7f\" data-element_type=\"container\" data-e-type=\"container\" data-settings=\"{&quot;background_background&quot;:&quot;slideshow&quot;,&quot;background_slideshow_gallery&quot;:[{&quot;id&quot;:1112,&quot;url&quot;:&quot;https:\\\/\\\/gsge.engineering\\\/wp-content\\\/uploads\\\/2024\\\/07\\\/Enzisweiler_2.png&quot;},{&quot;id&quot;:1110,&quot;url&quot;:&quot;https:\\\/\\\/gsge.engineering\\\/wp-content\\\/uploads\\\/2024\\\/07\\\/Enzisweiler_3-scaled.jpg&quot;}],&quot;background_slideshow_loop&quot;:&quot;yes&quot;,&quot;background_slideshow_slide_duration&quot;:5000,&quot;background_slideshow_slide_transition&quot;:&quot;fade&quot;,&quot;background_slideshow_transition_duration&quot;:500}\">\n\t\t\t\t<\/div>\n\t\t\t\t\t<\/div>\n\t\t\t\t<\/div>\n\t\t<div class=\"elementor-element elementor-element-536e6d56 e-flex e-con-boxed e-con e-parent\" data-id=\"536e6d56\" data-element_type=\"container\" data-e-type=\"container\">\n\t\t\t\t\t<div class=\"e-con-inner\">\n\t\t<div class=\"elementor-element elementor-element-3db6f8ef e-con-full e-flex e-con e-child\" data-id=\"3db6f8ef\" data-element_type=\"container\" data-e-type=\"container\">\n\t\t\t\t<div class=\"elementor-element elementor-element-72b3d47 elementor-widget elementor-widget-heading\" data-id=\"72b3d47\" data-element_type=\"widget\" data-e-type=\"widget\" data-widget_type=\"heading.default\">\n\t\t\t\t<div class=\"elementor-widget-container\">\n\t\t\t\t\t<h2 class=\"elementor-heading-title elementor-size-default\">Erneuerung Verkehrsstation Enzisweiler<\/h2>\t\t\t\t<\/div>\n\t\t\t\t<\/div>\n\t\t\t\t<div class=\"elementor-element elementor-element-b4e8f87 elementor-widget elementor-widget-text-editor\" data-id=\"b4e8f87\" data-element_type=\"widget\" data-e-type=\"widget\" data-widget_type=\"text-editor.default\">\n\t\t\t\t<div class=\"elementor-widget-container\">\n\t\t\t\t\t\t\t\t\t<p>Die Erneuerung der Verkehrsstation Enzisweiler sah den Ersatzneubau der Bahnsteige vor. Aufgrund der geologischen Verh\u00e4ltnisse war eine Tiefengr\u00fcndung erforderlich. Diese erfolgte in Form eines Sondervorschlages anstatt der urspr\u00fcnglich vorgesehenen Bohrpf\u00e4hle mit Mikropf\u00e4hlen. Durch den Sondervorschlag konnte der Eingriff in die Umwelt minimiert und die Bauzeit verk\u00fcrzt werden. <br \/>F\u00fcr die Tiefengr\u00fcndung des Bahnsteigs werden insgesamt 368 Mikropf\u00e4hle mit einer Gesamtl\u00e4nge von 3140 Laufmeter verbaut. <br \/>Die Leitungsquerung unter dem Gleisk\u00f6rper wurde im Pressverfahren erstellt. F\u00fcr die Erstellung der Start- und Zielgrube wurde eine Fangedammkonstruktion mit 238m\u00b2 Spundwand und 75 Laufmeter Gewinde Zugstangen erstellt.<\/p>\t\t\t\t\t\t\t\t<\/div>\n\t\t\t\t<\/div>\n\t\t\t\t<div class=\"elementor-element elementor-element-33435c38 elementor-widget elementor-widget-text-editor\" data-id=\"33435c38\" data-element_type=\"widget\" data-e-type=\"widget\" data-widget_type=\"text-editor.default\">\n\t\t\t\t<div class=\"elementor-widget-container\">\n\t\t\t\t\t\t\t\t\t<p><strong>Planungsleistungen:<\/strong><\/p><ul><li>Genehmigungsplanung LPH4 \u2013 Verbau und Gr\u00fcndung<\/li><li>Ausf\u00fchrungsplanung LPH5 \u2013 Verbau und Gr\u00fcndung<\/li><\/ul>\t\t\t\t\t\t\t\t<\/div>\n\t\t\t\t<\/div>\n\t\t\t\t<\/div>\n\t\t<div class=\"elementor-element elementor-element-270f0357 e-con-full e-flex e-con e-child\" data-id=\"270f0357\" data-element_type=\"container\" data-e-type=\"container\">\n\t\t\t\t<div class=\"elementor-element elementor-element-326b2871 elementor-widget elementor-widget-heading\" data-id=\"326b2871\" data-element_type=\"widget\" data-e-type=\"widget\" data-widget_type=\"heading.default\">\n\t\t\t\t<div class=\"elementor-widget-container\">\n\t\t\t\t\t<h2 class=\"elementor-heading-title elementor-size-default\">Info<\/h2>\t\t\t\t<\/div>\n\t\t\t\t<\/div>\n\t\t\t\t<div class=\"elementor-element elementor-element-5b983aee elementor-widget elementor-widget-text-editor\" data-id=\"5b983aee\" data-element_type=\"widget\" data-e-type=\"widget\" data-widget_type=\"text-editor.default\">\n\t\t\t\t<div class=\"elementor-widget-container\">\n\t\t\t\t\t\t\t\t\t<p><strong>Bauherr:<\/strong>\u00a0\u00a0\u00a0\u00a0\u00a0\u00a0\u00a0\u00a0\u00a0\u00a0\u00a0\u00a0\u00a0\u00a0\u00a0\u00a0\u00a0\u00a0\u00a0\u00a0\u00a0\u00a0\u00a0\u00a0\u00a0\u00a0\u00a0\u00a0\u00a0\u00a0<\/p><p>DB Station &amp; Service AG<\/p><p>Bahnhofsmanagement Rosenheim<\/p><p>S\u00fcdtiroler Pl. 1<\/p><p>83022 Rosenheim<\/p><p><strong>\u00a0<\/strong><\/p><p><strong>Ausf\u00fchrung:<\/strong>\u00a0\u00a0\u00a0\u00a0\u00a0\u00a0\u00a0<\/p><p>Franz Kassecker GmbH<\/p><p>Egerer Stra\u00dfe 36<\/p><p>95652 Waldsassen<\/p><p>\u00a0<\/p><p><strong>Ausf\u00fchrungszeitraum:\u00a0\u00a0\u00a0\u00a0\u00a0\u00a0\u00a0\u00a0\u00a0\u00a0 <\/strong><\/p><p>Fr\u00fchjahr\/Sommer 2024<\/p><p>\u00a0<\/p><p><strong>Angaben zum Projekt:\u00a0\u00a0\u00a0\u00a0\u00a0\u00a0\u00a0\u00a0\u00a0\u00a0 <\/strong><\/p><p>238m\u00b2 Spundwand<\/p><p>4 Zugstangen mit einer Gesamtl\u00e4nge von 75m<\/p><p>368 Mikropf\u00e4hle mit einer Gesamtl\u00e4nge von 3140 m\u2018<\/p>\t\t\t\t\t\t\t\t<\/div>\n\t\t\t\t<\/div>\n\t\t\t\t<\/div>\n\t\t\t\t\t<\/div>\n\t\t\t\t<\/div>\n\t\t\t\t<\/div>\n\t\t","protected":false},"excerpt":{"rendered":"<p>Erneuerung Verkehrsstation Enzisweiler Die Erneuerung der Verkehrsstation Enzisweiler sah den Ersatzneubau der Bahnsteige vor. Aufgrund der geologischen Verh\u00e4ltnisse war eine Tiefengr\u00fcndung erforderlich. Diese erfolgte in Form eines Sondervorschlages anstatt der urspr\u00fcnglich vorgesehenen Bohrpf\u00e4hle mit Mikropf\u00e4hlen. Durch den Sondervorschlag konnte der Eingriff in die Umwelt minimiert und die Bauzeit verk\u00fcrzt werden. F\u00fcr die Tiefengr\u00fcndung des Bahnsteigs [&hellip;]<\/p>\n","protected":false},"author":1,"featured_media":0,"parent":0,"menu_order":0,"comment_status":"closed","ping_status":"closed","template":"","meta":{"footnotes":""},"class_list":["post-1113","page","type-page","status-publish","hentry"],"yoast_head":"<!-- This site is optimized with the Yoast SEO plugin v27.4 - https:\/\/yoast.com\/product\/yoast-seo-wordpress\/ -->\n<title>Erneuerung Verkehrsstation Enzisweiler - GSGE<\/title>\n<meta name=\"robots\" content=\"index, follow, max-snippet:-1, max-image-preview:large, max-video-preview:-1\" \/>\n<link rel=\"canonical\" href=\"https:\/\/gsge.engineering\/?page_id=1113\" \/>\n<meta property=\"og:locale\" content=\"de_DE\" \/>\n<meta property=\"og:type\" content=\"article\" \/>\n<meta property=\"og:title\" content=\"Erneuerung Verkehrsstation Enzisweiler - GSGE\" \/>\n<meta property=\"og:description\" content=\"Erneuerung Verkehrsstation Enzisweiler Die Erneuerung der Verkehrsstation Enzisweiler sah den Ersatzneubau der Bahnsteige vor. Aufgrund der geologischen Verh\u00e4ltnisse war eine Tiefengr\u00fcndung erforderlich. Diese erfolgte in Form eines Sondervorschlages anstatt der urspr\u00fcnglich vorgesehenen Bohrpf\u00e4hle mit Mikropf\u00e4hlen. Durch den Sondervorschlag konnte der Eingriff in die Umwelt minimiert und die Bauzeit verk\u00fcrzt werden. F\u00fcr die Tiefengr\u00fcndung des Bahnsteigs [&hellip;]\" \/>\n<meta property=\"og:url\" content=\"https:\/\/gsge.engineering\/?page_id=1113\" \/>\n<meta property=\"og:site_name\" content=\"GSGE\" \/>\n<meta property=\"article:modified_time\" content=\"2024-07-29T15:25:08+00:00\" \/>\n<meta name=\"twitter:card\" content=\"summary_large_image\" \/>\n<meta name=\"twitter:label1\" content=\"Gesch\u00e4tzte Lesezeit\" \/>\n\t<meta name=\"twitter:data1\" content=\"1\u00a0Minute\" \/>\n<script type=\"application\/ld+json\" class=\"yoast-schema-graph\">{\"@context\":\"https:\\\/\\\/schema.org\",\"@graph\":[{\"@type\":\"WebPage\",\"@id\":\"https:\\\/\\\/gsge.engineering\\\/?page_id=1113\",\"url\":\"https:\\\/\\\/gsge.engineering\\\/?page_id=1113\",\"name\":\"Erneuerung Verkehrsstation Enzisweiler - GSGE\",\"isPartOf\":{\"@id\":\"https:\\\/\\\/gsge.engineering\\\/#website\"},\"datePublished\":\"2024-07-29T15:20:45+00:00\",\"dateModified\":\"2024-07-29T15:25:08+00:00\",\"breadcrumb\":{\"@id\":\"https:\\\/\\\/gsge.engineering\\\/?page_id=1113#breadcrumb\"},\"inLanguage\":\"de\",\"potentialAction\":[{\"@type\":\"ReadAction\",\"target\":[\"https:\\\/\\\/gsge.engineering\\\/?page_id=1113\"]}]},{\"@type\":\"BreadcrumbList\",\"@id\":\"https:\\\/\\\/gsge.engineering\\\/?page_id=1113#breadcrumb\",\"itemListElement\":[{\"@type\":\"ListItem\",\"position\":1,\"name\":\"Startseite\",\"item\":\"https:\\\/\\\/gsge.engineering\\\/\"},{\"@type\":\"ListItem\",\"position\":2,\"name\":\"Erneuerung Verkehrsstation Enzisweiler\"}]},{\"@type\":\"WebSite\",\"@id\":\"https:\\\/\\\/gsge.engineering\\\/#website\",\"url\":\"https:\\\/\\\/gsge.engineering\\\/\",\"name\":\"GSGE\",\"description\":\"smart ground engineering\",\"publisher\":{\"@id\":\"https:\\\/\\\/gsge.engineering\\\/#organization\"},\"potentialAction\":[{\"@type\":\"SearchAction\",\"target\":{\"@type\":\"EntryPoint\",\"urlTemplate\":\"https:\\\/\\\/gsge.engineering\\\/?s={search_term_string}\"},\"query-input\":{\"@type\":\"PropertyValueSpecification\",\"valueRequired\":true,\"valueName\":\"search_term_string\"}}],\"inLanguage\":\"de\"},{\"@type\":\"Organization\",\"@id\":\"https:\\\/\\\/gsge.engineering\\\/#organization\",\"name\":\"GSGE\",\"url\":\"https:\\\/\\\/gsge.engineering\\\/\",\"logo\":{\"@type\":\"ImageObject\",\"inLanguage\":\"de\",\"@id\":\"https:\\\/\\\/gsge.engineering\\\/#\\\/schema\\\/logo\\\/image\\\/\",\"url\":\"https:\\\/\\\/gsge.engineering\\\/wp-content\\\/uploads\\\/2024\\\/07\\\/Logo_final.png\",\"contentUrl\":\"https:\\\/\\\/gsge.engineering\\\/wp-content\\\/uploads\\\/2024\\\/07\\\/Logo_final.png\",\"width\":3100,\"height\":905,\"caption\":\"GSGE\"},\"image\":{\"@id\":\"https:\\\/\\\/gsge.engineering\\\/#\\\/schema\\\/logo\\\/image\\\/\"},\"sameAs\":[\"https:\\\/\\\/www.instagram.com\\\/gsge_gmbh\\\/\"]}]}<\/script>\n<!-- \/ Yoast SEO plugin. -->","yoast_head_json":{"title":"Erneuerung Verkehrsstation Enzisweiler - GSGE","robots":{"index":"index","follow":"follow","max-snippet":"max-snippet:-1","max-image-preview":"max-image-preview:large","max-video-preview":"max-video-preview:-1"},"canonical":"https:\/\/gsge.engineering\/?page_id=1113","og_locale":"de_DE","og_type":"article","og_title":"Erneuerung Verkehrsstation Enzisweiler - GSGE","og_description":"Erneuerung Verkehrsstation Enzisweiler Die Erneuerung der Verkehrsstation Enzisweiler sah den Ersatzneubau der Bahnsteige vor. Aufgrund der geologischen Verh\u00e4ltnisse war eine Tiefengr\u00fcndung erforderlich. Diese erfolgte in Form eines Sondervorschlages anstatt der urspr\u00fcnglich vorgesehenen Bohrpf\u00e4hle mit Mikropf\u00e4hlen. Durch den Sondervorschlag konnte der Eingriff in die Umwelt minimiert und die Bauzeit verk\u00fcrzt werden. F\u00fcr die Tiefengr\u00fcndung des Bahnsteigs [&hellip;]","og_url":"https:\/\/gsge.engineering\/?page_id=1113","og_site_name":"GSGE","article_modified_time":"2024-07-29T15:25:08+00:00","twitter_card":"summary_large_image","twitter_misc":{"Gesch\u00e4tzte Lesezeit":"1\u00a0Minute"},"schema":{"@context":"https:\/\/schema.org","@graph":[{"@type":"WebPage","@id":"https:\/\/gsge.engineering\/?page_id=1113","url":"https:\/\/gsge.engineering\/?page_id=1113","name":"Erneuerung Verkehrsstation Enzisweiler - GSGE","isPartOf":{"@id":"https:\/\/gsge.engineering\/#website"},"datePublished":"2024-07-29T15:20:45+00:00","dateModified":"2024-07-29T15:25:08+00:00","breadcrumb":{"@id":"https:\/\/gsge.engineering\/?page_id=1113#breadcrumb"},"inLanguage":"de","potentialAction":[{"@type":"ReadAction","target":["https:\/\/gsge.engineering\/?page_id=1113"]}]},{"@type":"BreadcrumbList","@id":"https:\/\/gsge.engineering\/?page_id=1113#breadcrumb","itemListElement":[{"@type":"ListItem","position":1,"name":"Startseite","item":"https:\/\/gsge.engineering\/"},{"@type":"ListItem","position":2,"name":"Erneuerung Verkehrsstation Enzisweiler"}]},{"@type":"WebSite","@id":"https:\/\/gsge.engineering\/#website","url":"https:\/\/gsge.engineering\/","name":"GSGE","description":"smart ground engineering","publisher":{"@id":"https:\/\/gsge.engineering\/#organization"},"potentialAction":[{"@type":"SearchAction","target":{"@type":"EntryPoint","urlTemplate":"https:\/\/gsge.engineering\/?s={search_term_string}"},"query-input":{"@type":"PropertyValueSpecification","valueRequired":true,"valueName":"search_term_string"}}],"inLanguage":"de"},{"@type":"Organization","@id":"https:\/\/gsge.engineering\/#organization","name":"GSGE","url":"https:\/\/gsge.engineering\/","logo":{"@type":"ImageObject","inLanguage":"de","@id":"https:\/\/gsge.engineering\/#\/schema\/logo\/image\/","url":"https:\/\/gsge.engineering\/wp-content\/uploads\/2024\/07\/Logo_final.png","contentUrl":"https:\/\/gsge.engineering\/wp-content\/uploads\/2024\/07\/Logo_final.png","width":3100,"height":905,"caption":"GSGE"},"image":{"@id":"https:\/\/gsge.engineering\/#\/schema\/logo\/image\/"},"sameAs":["https:\/\/www.instagram.com\/gsge_gmbh\/"]}]}},"_links":{"self":[{"href":"https:\/\/gsge.engineering\/index.php?rest_route=\/wp\/v2\/pages\/1113","targetHints":{"allow":["GET"]}}],"collection":[{"href":"https:\/\/gsge.engineering\/index.php?rest_route=\/wp\/v2\/pages"}],"about":[{"href":"https:\/\/gsge.engineering\/index.php?rest_route=\/wp\/v2\/types\/page"}],"author":[{"embeddable":true,"href":"https:\/\/gsge.engineering\/index.php?rest_route=\/wp\/v2\/users\/1"}],"replies":[{"embeddable":true,"href":"https:\/\/gsge.engineering\/index.php?rest_route=%2Fwp%2Fv2%2Fcomments&post=1113"}],"version-history":[{"count":7,"href":"https:\/\/gsge.engineering\/index.php?rest_route=\/wp\/v2\/pages\/1113\/revisions"}],"predecessor-version":[{"id":1124,"href":"https:\/\/gsge.engineering\/index.php?rest_route=\/wp\/v2\/pages\/1113\/revisions\/1124"}],"wp:attachment":[{"href":"https:\/\/gsge.engineering\/index.php?rest_route=%2Fwp%2Fv2%2Fmedia&parent=1113"}],"curies":[{"name":"wp","href":"https:\/\/api.w.org\/{rel}","templated":true}]}}